{"id":93,"date":"2024-07-25T13:04:23","date_gmt":"2024-07-25T11:04:23","guid":{"rendered":"https:\/\/www.dalmatiner-von-fischingertal.ch\/cms\/?page_id=93"},"modified":"2024-07-29T16:45:53","modified_gmt":"2024-07-29T14:45:53","slug":"audiometrietest","status":"publish","type":"page","link":"https:\/\/www.dalmatiner-von-fischingertal.ch\/cms\/audiometrietest\/","title":{"rendered":"Audiometrietest"},"content":{"rendered":"\t\t<div data-elementor-type=\"wp-page\" data-elementor-id=\"93\" class=\"elementor elementor-93\">\n\t\t\t\t<div class=\"elementor-element elementor-element-96dc5c3 e-flex e-con-boxed e-con e-parent\" data-id=\"96dc5c3\" data-element_type=\"container\" data-e-type=\"container\">\n\t\t\t\t\t<div class=\"e-con-inner\">\n\t\t\t\t<div class=\"elementor-element elementor-element-c4cc50d elementor-widget elementor-widget-image\" data-id=\"c4cc50d\" data-element_type=\"widget\" data-e-type=\"widget\" data-widget_type=\"image.default\">\n\t\t\t\t<div class=\"elementor-widget-container\">\n\t\t\t\t\t\t\t\t\t\t\t\t\t\t\t<img fetchpriority=\"high\" decoding=\"async\" width=\"960\" height=\"320\" src=\"https:\/\/www.dalmatiner-von-fischingertal.ch\/cms\/wp-content\/uploads\/2024\/07\/8274059-7149843d-5e0c-4ebf-bc1b-903156417de0.jpg\" class=\"attachment-large size-large wp-image-15\" alt=\"\" srcset=\"https:\/\/www.dalmatiner-von-fischingertal.ch\/cms\/wp-content\/uploads\/2024\/07\/8274059-7149843d-5e0c-4ebf-bc1b-903156417de0.jpg 960w, https:\/\/www.dalmatiner-von-fischingertal.ch\/cms\/wp-content\/uploads\/2024\/07\/8274059-7149843d-5e0c-4ebf-bc1b-903156417de0-300x100.jpg 300w, https:\/\/www.dalmatiner-von-fischingertal.ch\/cms\/wp-content\/uploads\/2024\/07\/8274059-7149843d-5e0c-4ebf-bc1b-903156417de0-768x256.jpg 768w\" sizes=\"(max-width: 960px) 100vw, 960px\" \/>\t\t\t\t\t\t\t\t\t\t\t\t\t\t\t<\/div>\n\t\t\t\t<\/div>\n\t\t\t\t<div class=\"elementor-element elementor-element-21791db elementor-widget elementor-widget-spacer\" data-id=\"21791db\" data-element_type=\"widget\" data-e-type=\"widget\" data-widget_type=\"spacer.default\">\n\t\t\t\t<div class=\"elementor-widget-container\">\n\t\t\t\t\t\t\t<div class=\"elementor-spacer\">\n\t\t\t<div class=\"elementor-spacer-inner\"><\/div>\n\t\t<\/div>\n\t\t\t\t\t\t<\/div>\n\t\t\t\t<\/div>\n\t\t\t\t<div class=\"elementor-element elementor-element-9d58645 elementor-widget elementor-widget-text-editor\" data-id=\"9d58645\" data-element_type=\"widget\" data-e-type=\"widget\" data-widget_type=\"text-editor.default\">\n\t\t\t\t<div class=\"elementor-widget-container\">\n\t\t\t\t\t\t\t\t\t<div><strong>Erblich bedingte Taubheit ist mittels eines H\u00f6rtests (Audiometrie) nachweisbar. <\/strong><\/div><div><strong>Audiometrieuntersuchung bei Dalmatinern bei gesunden Tieren lassen sich Gehirnstr\u00f6me messen,\u00a0 <\/strong><strong>bei tauben Tieren dagegen nicht. <\/strong><\/div><div><strong>Vererbte Taubheit tritt vor allem bei Rassen mit wei\u00dfer Pigmentierung auf (z.B. Dalmatiner). Elektrophysiologische Untersuchungen sind zur Zeit die einzigen objektiven M\u00f6glichkeiten,\u00a0<\/strong><strong>um das H\u00f6rverm\u00f6gen bzw. die Taubheit bei Patienten in der Tiermedizin nachzuweisen. <\/strong><\/div><div>\u00a0<\/div><div><strong>Dabei werden \u00fcber Ohrst\u00f6psel oder Kopfh\u00f6rer akustisch evozierte Potentiale (AEP) erzeugt , die in elektrische Impulse umgewandelt und an das Gehirn weitergeleitet werden. Dieses elektrodiagnostische Verfahren wird mittels einer aufwendigen Apparatur (EEG)durchgef\u00fchrt, die Hirnstr\u00f6me aufzeichnen kann. <\/strong><\/div><div>\u00a0<\/div><div><strong>Ab einem Alter von 6 -7 Wochen kann die Audiometrie erfolgen. Der Schweizerische Dalmatiner Club und die SKG\u00a0schreibt diese Messungen bei allen\u00a0Dalmatinerz\u00fcchtern vor. <\/strong><\/div><div>\u00a0<\/div><div><strong>Die H\u00f6rmessung kann nur durchgef\u00fchrt werden, wenn das Tier entspannt ist. Dabei hat es sich als sehr empfehlenswert erwiesen, die Tiere w\u00e4hrend einer Kurzsedation zu untersuchen. <\/strong><\/div><div><strong>Nach ca. einer Stunde sind die Patienten wieder wohlauf. Die Untersuchung ist ansonsten nicht schmerzhaft.<\/strong><\/div>\t\t\t\t\t\t\t\t<\/div>\n\t\t\t\t<\/div>\n\t\t\t\t<div class=\"elementor-element elementor-element-ea880b6 elementor-widget elementor-widget-spacer\" data-id=\"ea880b6\" data-element_type=\"widget\" data-e-type=\"widget\" data-widget_type=\"spacer.default\">\n\t\t\t\t<div class=\"elementor-widget-container\">\n\t\t\t\t\t\t\t<div class=\"elementor-spacer\">\n\t\t\t<div class=\"elementor-spacer-inner\"><\/div>\n\t\t<\/div>\n\t\t\t\t\t\t<\/div>\n\t\t\t\t<\/div>\n\t\t\t\t<div class=\"elementor-element elementor-element-4edc5d5 elementor-widget elementor-widget-image\" data-id=\"4edc5d5\" data-element_type=\"widget\" data-e-type=\"widget\" data-widget_type=\"image.default\">\n\t\t\t\t<div class=\"elementor-widget-container\">\n\t\t\t\t\t\t\t\t\t\t\t\t\t\t\t<img decoding=\"async\" width=\"880\" height=\"660\" src=\"https:\/\/www.dalmatiner-von-fischingertal.ch\/cms\/wp-content\/uploads\/2024\/07\/9565838-06030001.jpg\" class=\"attachment-large size-large wp-image-95\" alt=\"\" srcset=\"https:\/\/www.dalmatiner-von-fischingertal.ch\/cms\/wp-content\/uploads\/2024\/07\/9565838-06030001.jpg 880w, https:\/\/www.dalmatiner-von-fischingertal.ch\/cms\/wp-content\/uploads\/2024\/07\/9565838-06030001-300x225.jpg 300w, https:\/\/www.dalmatiner-von-fischingertal.ch\/cms\/wp-content\/uploads\/2024\/07\/9565838-06030001-768x576.jpg 768w\" sizes=\"(max-width: 880px) 100vw, 880px\" \/>\t\t\t\t\t\t\t\t\t\t\t\t\t\t\t<\/div>\n\t\t\t\t<\/div>\n\t\t\t\t<div class=\"elementor-element elementor-element-ed08e15 elementor-widget elementor-widget-spacer\" data-id=\"ed08e15\" data-element_type=\"widget\" data-e-type=\"widget\" data-widget_type=\"spacer.default\">\n\t\t\t\t<div class=\"elementor-widget-container\">\n\t\t\t\t\t\t\t<div class=\"elementor-spacer\">\n\t\t\t<div class=\"elementor-spacer-inner\"><\/div>\n\t\t<\/div>\n\t\t\t\t\t\t<\/div>\n\t\t\t\t<\/div>\n\t\t\t\t\t<\/div>\n\t\t\t\t<\/div>\n\t\t\t\t<\/div>\n\t\t","protected":false},"excerpt":{"rendered":"<p>Erblich bedingte Taubheit ist mittels eines H\u00f6rtests (Audiometrie) nachweisbar. Audiometrieuntersuchung bei Dalmatinern bei gesunden Tieren lassen sich Gehirnstr\u00f6me messen,\u00a0 bei tauben Tieren dagegen nicht. Vererbte Taubheit tritt vor allem bei Rassen mit wei\u00dfer Pigmentierung auf (z.B. Dalmatiner). Elektrophysiologische Untersuchungen sind zur Zeit die einzigen objektiven M\u00f6glichkeiten,\u00a0um das H\u00f6rverm\u00f6gen bzw. die Taubheit bei Patienten in der&hellip;&nbsp;<\/p>\n","protected":false},"author":1,"featured_media":0,"parent":0,"menu_order":0,"comment_status":"closed","ping_status":"closed","template":"page-templates\/template-pagebuilder-full-width.php","meta":{"neve_meta_sidebar":"","neve_meta_container":"","neve_meta_enable_content_width":"","neve_meta_content_width":0,"neve_meta_title_alignment":"","neve_meta_author_avatar":"","neve_post_elements_order":"","neve_meta_disable_header":"","neve_meta_disable_footer":"","neve_meta_disable_title":"","footnotes":""},"class_list":["post-93","page","type-page","status-publish","hentry"],"_links":{"self":[{"href":"https:\/\/www.dalmatiner-von-fischingertal.ch\/cms\/wp-json\/wp\/v2\/pages\/93","targetHints":{"allow":["GET"]}}],"collection":[{"href":"https:\/\/www.dalmatiner-von-fischingertal.ch\/cms\/wp-json\/wp\/v2\/pages"}],"about":[{"href":"https:\/\/www.dalmatiner-von-fischingertal.ch\/cms\/wp-json\/wp\/v2\/types\/page"}],"author":[{"embeddable":true,"href":"https:\/\/www.dalmatiner-von-fischingertal.ch\/cms\/wp-json\/wp\/v2\/users\/1"}],"replies":[{"embeddable":true,"href":"https:\/\/www.dalmatiner-von-fischingertal.ch\/cms\/wp-json\/wp\/v2\/comments?post=93"}],"version-history":[{"count":7,"href":"https:\/\/www.dalmatiner-von-fischingertal.ch\/cms\/wp-json\/wp\/v2\/pages\/93\/revisions"}],"predecessor-version":[{"id":873,"href":"https:\/\/www.dalmatiner-von-fischingertal.ch\/cms\/wp-json\/wp\/v2\/pages\/93\/revisions\/873"}],"wp:attachment":[{"href":"https:\/\/www.dalmatiner-von-fischingertal.ch\/cms\/wp-json\/wp\/v2\/media?parent=93"}],"curies":[{"name":"wp","href":"https:\/\/api.w.org\/{rel}","templated":true}]}}