{"id":87,"date":"2024-07-25T13:00:37","date_gmt":"2024-07-25T11:00:37","guid":{"rendered":"https:\/\/www.dalmatiner-von-fischingertal.ch\/cms\/?page_id=87"},"modified":"2024-07-29T16:45:24","modified_gmt":"2024-07-29T14:45:24","slug":"rassestandard","status":"publish","type":"page","link":"https:\/\/www.dalmatiner-von-fischingertal.ch\/cms\/rassestandard\/","title":{"rendered":"Rassestandard"},"content":{"rendered":"\t\t<div data-elementor-type=\"wp-page\" data-elementor-id=\"87\" class=\"elementor elementor-87\">\n\t\t\t\t<div class=\"elementor-element elementor-element-7cc06be e-flex e-con-boxed e-con e-parent\" data-id=\"7cc06be\" data-element_type=\"container\" data-e-type=\"container\">\n\t\t\t\t\t<div class=\"e-con-inner\">\n\t\t\t\t<div class=\"elementor-element elementor-element-533bc3f elementor-widget elementor-widget-image\" data-id=\"533bc3f\" data-element_type=\"widget\" data-e-type=\"widget\" data-widget_type=\"image.default\">\n\t\t\t\t<div class=\"elementor-widget-container\">\n\t\t\t\t\t\t\t\t\t\t\t\t\t\t\t<img fetchpriority=\"high\" decoding=\"async\" width=\"960\" height=\"320\" src=\"https:\/\/www.dalmatiner-von-fischingertal.ch\/cms\/wp-content\/uploads\/2024\/07\/8274059-7149843d-5e0c-4ebf-bc1b-903156417de0.jpg\" class=\"attachment-large size-large wp-image-15\" alt=\"\" srcset=\"https:\/\/www.dalmatiner-von-fischingertal.ch\/cms\/wp-content\/uploads\/2024\/07\/8274059-7149843d-5e0c-4ebf-bc1b-903156417de0.jpg 960w, https:\/\/www.dalmatiner-von-fischingertal.ch\/cms\/wp-content\/uploads\/2024\/07\/8274059-7149843d-5e0c-4ebf-bc1b-903156417de0-300x100.jpg 300w, https:\/\/www.dalmatiner-von-fischingertal.ch\/cms\/wp-content\/uploads\/2024\/07\/8274059-7149843d-5e0c-4ebf-bc1b-903156417de0-768x256.jpg 768w\" sizes=\"(max-width: 960px) 100vw, 960px\" \/>\t\t\t\t\t\t\t\t\t\t\t\t\t\t\t<\/div>\n\t\t\t\t<\/div>\n\t\t\t\t<div class=\"elementor-element elementor-element-16947f4 elementor-widget elementor-widget-spacer\" data-id=\"16947f4\" data-element_type=\"widget\" data-e-type=\"widget\" data-widget_type=\"spacer.default\">\n\t\t\t\t<div class=\"elementor-widget-container\">\n\t\t\t\t\t\t\t<div class=\"elementor-spacer\">\n\t\t\t<div class=\"elementor-spacer-inner\"><\/div>\n\t\t<\/div>\n\t\t\t\t\t\t<\/div>\n\t\t\t\t<\/div>\n\t\t\t\t<div class=\"elementor-element elementor-element-d246677 elementor-widget elementor-widget-text-editor\" data-id=\"d246677\" data-element_type=\"widget\" data-e-type=\"widget\" data-widget_type=\"text-editor.default\">\n\t\t\t\t<div class=\"elementor-widget-container\">\n\t\t\t\t\t\t\t\t\t<div class=\"freetextarea\"><div><div><strong>Rassestandard<\/strong><\/div><div>30. 05. 2011 \/ DE FCI &#8211; Standard Nr. 153 DALMATINER (Dalmatinski pas)<\/div><div>\u00a0<\/div><div><strong>URSPRUNG<\/strong><\/div><div>Kroatien.<\/div><div>\u00a0<\/div><div><strong>VERWENDUNG<\/strong><\/div><div>Jagdhund. Gesellschaftshund, Familienhund und f\u00fcr verschiedene Zwecke geeignet.<\/div><div>\u00a0<\/div><div><strong>KLASSIFIKATION FCI<\/strong><\/div><div>Gruppe 6 Laufhunde, Schwei\u00dfhunde und verwandte Rassen. Sektion 3 Verwandte Rassen Ohne Arbeitspr\u00fcfung.<\/div><div>\u00a0<\/div><div><strong>KURZER GESCHICHTLICHER ABRISS<\/strong><\/div><div>Die Herkunft des Dalmatiners ist auf Gem\u00e4lden und in kirchlichen Chroniken aus dem 16. bis 18. Jahrhundert zu erkennen. Dalmatiner stammen aus dem Altarbild \u201eMadonna mit Jesus und Engeln&#187; aus der Kirche \u201eGospa od andjela&#187; im Ort Veli Losinj auf der Insel Losinj, Kroatien aus den Jahren 1600-1630, sowie aus dem Fresko in Zaostrog, Dalmatien, Kroatien. Daraus ergibt sich, dass der Ursprung des Dalmatiners im \u00f6stlichen Mittelmeerraum insbesondere der historischen Provinz Dalmatien liegt.Die ersten Beschreibungen des Dalmatiners sind im Bistum Djakovo, Kroatien gefunden worden, und zwar in der Inschrift des Bischofs Petar Bakic aus dem Jahr 1719, sowie in der Inschrift von Andreas Keczkemety aus dem Jahr 1737. Der Hund wurde mit dem lateinischen Namen \u201eCanis Dalmaticus&#187; benannt und die H\u00f6he des Hundes von 4-5 \u201eSpithamus&#187; beschrieben. Thomas Pennant hat in seinem Werk \u201eSynopsis of Quadrupeds&#187; aus dem Jahr 1771 diese Hunderasse als sehr selbst\u00e4ndig beschrieben und hat sie \u201eDalmatian&#187; genannt und als Ursprung dieser Rasse Dalmatien angef\u00fchrt. In einem 1790 ver\u00f6ffentlichten Werk bezeichnet Thomas Bewick diese Rasse als \u201eDalmatian or Coach Dog&#187;. Der erste inoffizielle Dalmatiner-Standard wurde im Jahre 1882 von einem Engl\u00e4nder namens Vero Shaw verfasst. Dieser Standard wurde dann im Jahre 1890 durch Gr\u00fcndung des \u201eDalmatian Clubs&#187; in England in den ersten offiziellen Standard \u00fcberf\u00fchrt. Die FCI hat den ersten Standard f\u00fcr Dalmatiner am 07.04.1955 unter dem Namen \u201eDalmatiner Jagdhund&#187; ver\u00f6ffentlicht.<\/div><div>\u00a0<\/div><div><strong>ALLGEMEINES ERSCHEINUNGSBILD<\/strong><\/div><div>Kopf mesozephal, prismatischer Form mit H\u00e4ngeohren. Der K\u00f6rper ist rechteckig, kr\u00e4ftig, muskul\u00f6s und charakteristisch markant getupft. Die Bewegung muss elegant sein. Die Geschlecht Differenz muss erkennbar sein.<\/div><div>\u00a0<\/div><div><strong>WICHTIGE PROPORTIONEN<\/strong><\/div><div>L\u00e4nge des Rumpfes: Widerristh\u00f6he = 10 : 9. Die H\u00f6he der Ellenbogengelenkes: 50 % der Widerristh\u00f6he. Die H\u00f6he der Sprunggelenkes: 20-25 % der Widerristh\u00f6he. Die Kopfl\u00e4nge: ca. 40% der Widerristh\u00f6he. Sch\u00e4dell\u00e4nge: Fangl\u00e4nge = 1:1.<\/div><div>\u00a0<\/div><div><strong>VERHALTEN \/ CHARAKTER (WESEN)<\/strong><\/div><div>Angenehmes Wesen, freundlich, nicht scheu oder zur\u00fcckhaltend, frei von Nervosit\u00e4t und Aggressivit\u00e4t. Lebendig, sanft, treu, selbst\u00e4ndig und leicht zu abrichten. Dalmatiner mag Wasser und Bewegung in der Natur. Er hat einen ausgepr\u00e4gten Bracken &#8211; Instinkt.<\/div><div>\u00a0<\/div><div><strong>KOPF<\/strong><\/div><div>Kopf muss im Proportion und Einklang mit dem K\u00f6rper sein, im Sch\u00e4delteil darf es nicht zu breit sein. Die L\u00e4nge von Hinterhauptstachel bis zum Stop und vom Stop bis zur Nasenspitze ist im Verh\u00e4ltnis 1:1, oder ist Fang etwas k\u00fcrzer. Die Sch\u00e4dellinie und Fanglinie sind sanft divergent. Die Kaumuskel und Jochbeinbogen d\u00fcrfen nicht zu ausgepr\u00e4gt sein. Haut auf dem ganzen Kopf ohne Falten.<\/div><div>\u00a0<\/div><div><strong>OBERKOPF<\/strong><\/div><div>Sch\u00e4del<\/div><div>Flach, mit sanften lateralen Abrundung. Zwischen den Ohren am breitesten und an den Schl\u00e4fen gut ausgeformt. Schwach ausgepr\u00e4gte Stirnfurche. Stop: M\u00e4ssig betont.<\/div><div>\u00a0<\/div><div><strong>GESICHTSSCH\u00c4DEL<\/strong><\/div><div>Nasenschwamm<\/div><div>Gro\u00df, mit breit offenen Nasenfl\u00fcgel, es muss komplett pigmentiert sein. Die Farbe muss der Farbe der Tupfen entsprechen. Fang: Mit gut entwickelten kr\u00e4ftigen Kiefern, Nasenr\u00fccken gerade.<\/div><div>\u00a0<\/div><div><strong>Lefzen<\/strong><\/div><div>Stark, sollen ziemlich eng am Kiefer anliegen und d\u00fcrfen nicht \u00fcberh\u00e4ngen, oder zu dick sein; ohne ausgepr\u00e4gten Mundwinkel. Eine vollst\u00e4ndige Pigmentierung ist anzustreben.<\/div><div>\u00a0<\/div><div><strong>Kiefer\/Z\u00e4hne<\/strong><\/div><div>Scherengebiss, d.h. die oberen 6 Schneidez\u00e4hne greifen ohne Zwischenraum \u00fcber die unteren, wobei die Z\u00e4hne senkrecht im Kiefer stehen. Ein vollst\u00e4ndiges Gebiss (42 Z\u00e4hne) ist anzustreben (gem\u00e4ss Zahnformel). Die Z\u00e4hne sind gut ebenm\u00e4\u00dfig geformt und wei\u00df. Bei \u00e4lteren Hunden wird der Zangegebiss toleriert.<\/div><div>\u00a0<\/div><div><strong>Augen<\/strong><\/div><div>oval, subfrontal angesetzt, Ansetzung unter dem Winkel von 10-15\u00b0. Auge pigmentiert im Einklang mit Tupfenfarbe. Die Lider gut anliegend. Keine abgeh\u00e4ngten Lider. Der Rand durchgehend pigmentiert im Einklang mit der Haarfarbe.<\/div><div>\u00a0<\/div><div><strong>Ohren<\/strong><\/div><div>Sie sind eher hoch angesetzt, getragen anliegend am lateralen Teil des Kopfes. Die L\u00e4nge reicht bis zum Innenaugenwinkel oder Stop. Die Spitze sanft abgerundet. Die Ohren haben Form des gleichschenkeligen Dreiecks. Sie sind fein in der Struktur und sanft bei der Ber\u00fchrung. Sehr wichtig ist, dass die Ohren getupft sein m\u00fcssen, d.h. die Ohren d\u00fcrfen nicht ganz schwarz oder braun sein, sondern schwarz oder braun getupft usw. mit Tupfen im Einklang mit der Farbvariet\u00e4t auf der weissen Unterlage.<\/div><div>\u00a0<\/div><div><strong>HALS<\/strong><\/div><div>Der Hals soll kr\u00e4ftig und ziemlich lang sein, er wird zum Kopf hin schm\u00e4ler und weist keine lose Kehlhaut auf.<\/div><div>\u00a0<\/div><div><strong>K\u00d6RPER<\/strong><\/div><div><strong>RUTE<\/strong><\/div><div>Angesetzt an der Kruppenverl\u00e4ngerung. Ungef\u00e4hr bis zum Sprunggelenkh\u00f6cker reichend, oder etwas l\u00e4nger. Am Ansatz sehr kr\u00e4ftig, und zur Spitze hin gleichm\u00e4ssig d\u00fcnner werdend, nicht zu dick, sondern in Proportion mit K\u00f6rper. S\u00e4belf\u00f6rmig getragen. Tupfen sind erw\u00fcnscht.<\/div><div>\u00a0<\/div><div><strong>GLIEDMASSEN VORDERHAND<\/strong><\/div><div>Vorderl\u00e4ufe m\u00fcssen in Proportion mit K\u00f6rper sein, rechtwinkelig. Schultern: Schulterecke betr\u00e4gt um 115-120\u00b0 Ellenbogen: Eng am K\u00f6rper anliegend. Unterarm: Die Knochen proportional entwickelt und kr\u00e4ftig (rund), Vordergliedmassen gerade in der Stellung. L\u00e4ufe vertikal. Vordermittelfuss: Kr\u00e4ftig, leicht geneigt, elastisch. Vorderpfoten: Zehen geschlossen, sogenannte Katzenpfoten ist typisch. Ballen z\u00e4h und elastisch. Die Krallen sollen m\u00f6glichst pigmentiert sein.<\/div><div>\u00a0<\/div><div><strong>HINTERHAND<\/strong><\/div><div>Allgemeines: Im Proportion mit dem K\u00f6rper. Mit sehr kr\u00e4ftigen und gut entwickelten Muskeln. Stellung der Hintergliedmassen parallel.<\/div><div>Oberschenkel: Muskul\u00f6s und kr\u00e4ftig. Knie: Kr\u00e4ftig und gut geformt. Kniebeuge in der Neigung von 40 grad auf die Horizontale.<\/div><div>Sprunggelenk: Kr\u00e4ftig.<\/div><div>Hintermittelfuss: Die L\u00e4nge des Sprunggelenkes ist um 20-25% der Widerristh\u00f6he. Die Ecke des Sprunggelenkes betr\u00e4gt um 130\u00b0.<\/div><div>Hinterpfoten: Zehen geschlossen, sogenannte Katzenpfoten ist typisch. Ballen z\u00e4h und elastisch. Die Krallen sollen m\u00f6glichst pigmentiert sein.<\/div><div>\u00a0<\/div><div><strong>GANGWERK<\/strong><\/div><div>Gleichm\u00e4ssig, elegant, und harmonische Bewegung. Schritt und Trab lang, mit starkem Vortritt und gutem Schub. Von vorne gesehen bewegen sich die L\u00e4ufe parallel.<\/div><div>\u00a0<\/div><div><strong>HAARKLEID<\/strong><\/div><div>Kurz, gl\u00e4nzend, hart und dicht auf dem ganzen K\u00f6rper.<\/div><div>\u00a0<\/div><div><strong>Farbe<\/strong><\/div><div>Die Grundfarbe ist rein weiss. Schwarze Tupfen beim schwarzen Farbschlag und leberbraune Tupfen beim braunen Farbschlag. Die Tupfen sollen symmetrisch auf dem ganzen K\u00f6rper verteilt sein, klar abgerundet und ohne \u00dcbergang in die weisse Grundfarbe. Die Gr\u00f6sse der Tupfen soll m\u00f6glichst gleichm\u00e4ssig sein, wobei die Gr\u00f6sse 2 &#8211; 3 cm im Durchmesser betragen soll. Bei dem brauen Farbvariet\u00e4t sind die Tupfen etwas kleiner, im Durchmesser von ca 2 cm. Tupfen am Kopf und an den Gliedmassen sollen proportional kleiner sein als auf dem K\u00f6rper. Es ist erw\u00fcnscht, dass auch die Rute die Tupfen aufweist, die auch proportional kleiner sind als die auf dem K\u00f6rper. Sprenkeln auf dem K\u00f6rper ist nicht erw\u00fcnscht und soll bestraft werden. Die Tupfen d\u00fcrfen nicht ineinander laufen und gr\u00f6ssere Flecken bilden. Die Flecken und Farbplatten sind unerw\u00fcnscht. Extra aufmerksam soll die Ohrenbetupfung ber\u00fccksichtigt werden.<\/div><div>\u00a0<\/div><div><strong>GR\u00d6SSE UND GEWICHT<\/strong><\/div><div>Widerristh\u00f6he<\/div><div>R\u00fcden 56 &#8211; 62 cm H\u00fcndinnen 54 &#8211; 60 cm Hunde von perfektem Typ und Ausgeglichenheit sollten nicht bestraft werden, wenn deren Widerristh\u00f6he die oben erw\u00e4hnte Limite \u00fcberschreitet.<\/div><div>\u00a0<\/div><div><strong>FEHLER<\/strong><\/div><div>Jede Abweichung von den vorgenannten Punkten muss als Fehler angesehen werden, dessen Bewertung in genauem Verh\u00e4ltnis zum Grad der Abweichung stehen sollte und dessen Einfluss auf die Gesundheit und das Wohlbefinden des Hundes und seine F\u00e4higkeit, die verlangt rassetypische Arbeit zu erbringen, zu beachten ist.<\/div><div>\u00a0<\/div><div>\u00a0<\/div><div><strong>DISQUALIFIZIERENDE FEHLER<\/strong><\/div><div>Aggressiv oder \u00fcberm\u00e4ssig \u00e4ngstliche Hunde<\/div><div>Hunde, die deutlich physische Abnormalit\u00e4ten oder Verhaltensst\u00f6rungen aufweisen, m\u00fcssen disqualifiziert werden.<\/div><div>Konvergente Kopflinie<\/div><div>Mangel von mehr als 6 Pr\u00e4molaren, wobei Mangel von M3 nicht ber\u00fccksichtigt wird und nicht als Fehler zu bewerten ist<\/div><div>Entropium, Ektropium, Birkenaugen, verschiedenfarbige Augen (Heterochromie), blaue Augen, teilweise blauenfarbige Iris<\/div><div>Nicht pigmentiertes Nasenschwamm<\/div><div>Ringelrute<\/div><div>Monokel (schwarze Flecken an einem oder beiden Augen) oder Platten anderswo<\/div><div>Dreifarbigkeit (schwarze und braune Tupfen auf demselben Hund), Brindle-Farbigkeit der Tupfen, Zitronenfarbige Tupfen, orangenfarbene Tupfen, blaue Tupfen und rein weisse Farbe ohne Tupfen<\/div><div>Rauchhaarigkeit und Langhaarigkeit<\/div><div>Taubheit<\/div><div>N.B.<\/div><div>R\u00fcden m\u00fcssen zwei offensichtlich normal entwickelte Hoden aufweisen, die sich vollst\u00e4ndig im Hodensack befinden.<\/div><\/div><\/div>\t\t\t\t\t\t\t\t<\/div>\n\t\t\t\t<\/div>\n\t\t\t\t<div class=\"elementor-element elementor-element-be87f93 elementor-widget elementor-widget-spacer\" data-id=\"be87f93\" data-element_type=\"widget\" data-e-type=\"widget\" data-widget_type=\"spacer.default\">\n\t\t\t\t<div class=\"elementor-widget-container\">\n\t\t\t\t\t\t\t<div class=\"elementor-spacer\">\n\t\t\t<div class=\"elementor-spacer-inner\"><\/div>\n\t\t<\/div>\n\t\t\t\t\t\t<\/div>\n\t\t\t\t<\/div>\n\t\t\t\t\t<\/div>\n\t\t\t\t<\/div>\n\t\t\t\t<\/div>\n\t\t","protected":false},"excerpt":{"rendered":"<p>Rassestandard30. 05. 2011 \/ DE FCI &#8211; Standard Nr. 153 DALMATINER (Dalmatinski pas)\u00a0URSPRUNGKroatien.\u00a0VERWENDUNGJagdhund. Gesellschaftshund, Familienhund und f\u00fcr verschiedene Zwecke geeignet.\u00a0KLASSIFIKATION FCIGruppe 6 Laufhunde, Schwei\u00dfhunde und verwandte Rassen. Sektion 3 Verwandte Rassen Ohne Arbeitspr\u00fcfung.\u00a0KURZER GESCHICHTLICHER ABRISSDie Herkunft des Dalmatiners ist auf Gem\u00e4lden und in kirchlichen Chroniken aus dem 16. bis 18. Jahrhundert zu erkennen. Dalmatiner stammen&hellip;&nbsp;<\/p>\n","protected":false},"author":1,"featured_media":0,"parent":0,"menu_order":0,"comment_status":"closed","ping_status":"closed","template":"page-templates\/template-pagebuilder-full-width.php","meta":{"neve_meta_sidebar":"","neve_meta_container":"","neve_meta_enable_content_width":"","neve_meta_content_width":0,"neve_meta_title_alignment":"","neve_meta_author_avatar":"","neve_post_elements_order":"","neve_meta_disable_header":"","neve_meta_disable_footer":"","neve_meta_disable_title":"","footnotes":""},"class_list":["post-87","page","type-page","status-publish","hentry"],"_links":{"self":[{"href":"https:\/\/www.dalmatiner-von-fischingertal.ch\/cms\/wp-json\/wp\/v2\/pages\/87","targetHints":{"allow":["GET"]}}],"collection":[{"href":"https:\/\/www.dalmatiner-von-fischingertal.ch\/cms\/wp-json\/wp\/v2\/pages"}],"about":[{"href":"https:\/\/www.dalmatiner-von-fischingertal.ch\/cms\/wp-json\/wp\/v2\/types\/page"}],"author":[{"embeddable":true,"href":"https:\/\/www.dalmatiner-von-fischingertal.ch\/cms\/wp-json\/wp\/v2\/users\/1"}],"replies":[{"embeddable":true,"href":"https:\/\/www.dalmatiner-von-fischingertal.ch\/cms\/wp-json\/wp\/v2\/comments?post=87"}],"version-history":[{"count":7,"href":"https:\/\/www.dalmatiner-von-fischingertal.ch\/cms\/wp-json\/wp\/v2\/pages\/87\/revisions"}],"predecessor-version":[{"id":870,"href":"https:\/\/www.dalmatiner-von-fischingertal.ch\/cms\/wp-json\/wp\/v2\/pages\/87\/revisions\/870"}],"wp:attachment":[{"href":"https:\/\/www.dalmatiner-von-fischingertal.ch\/cms\/wp-json\/wp\/v2\/media?parent=87"}],"curies":[{"name":"wp","href":"https:\/\/api.w.org\/{rel}","templated":true}]}}