{"id":53,"date":"2024-07-23T11:02:25","date_gmt":"2024-07-23T09:02:25","guid":{"rendered":"https:\/\/www.dalmatiner-von-fischingertal.ch\/cms\/?page_id=53"},"modified":"2024-07-29T16:42:28","modified_gmt":"2024-07-29T14:42:28","slug":"deshalb-primafu-futter","status":"publish","type":"page","link":"https:\/\/www.dalmatiner-von-fischingertal.ch\/cms\/deshalb-primafu-futter\/","title":{"rendered":"Deshalb PRIMAFU Futter"},"content":{"rendered":"\t\t<div data-elementor-type=\"wp-page\" data-elementor-id=\"53\" class=\"elementor elementor-53\">\n\t\t\t\t<div class=\"elementor-element elementor-element-6cbfc29 e-flex e-con-boxed e-con e-parent\" data-id=\"6cbfc29\" data-element_type=\"container\" data-e-type=\"container\">\n\t\t\t\t\t<div class=\"e-con-inner\">\n\t\t\t\t<div class=\"elementor-element elementor-element-54a8734 elementor-widget elementor-widget-image\" data-id=\"54a8734\" data-element_type=\"widget\" data-e-type=\"widget\" data-widget_type=\"image.default\">\n\t\t\t\t<div class=\"elementor-widget-container\">\n\t\t\t\t\t\t\t\t\t\t\t\t\t\t\t<img fetchpriority=\"high\" decoding=\"async\" width=\"960\" height=\"320\" src=\"https:\/\/www.dalmatiner-von-fischingertal.ch\/cms\/wp-content\/uploads\/2024\/07\/8274059-7149843d-5e0c-4ebf-bc1b-903156417de0.jpg\" class=\"attachment-large size-large wp-image-15\" alt=\"\" srcset=\"https:\/\/www.dalmatiner-von-fischingertal.ch\/cms\/wp-content\/uploads\/2024\/07\/8274059-7149843d-5e0c-4ebf-bc1b-903156417de0.jpg 960w, https:\/\/www.dalmatiner-von-fischingertal.ch\/cms\/wp-content\/uploads\/2024\/07\/8274059-7149843d-5e0c-4ebf-bc1b-903156417de0-300x100.jpg 300w, https:\/\/www.dalmatiner-von-fischingertal.ch\/cms\/wp-content\/uploads\/2024\/07\/8274059-7149843d-5e0c-4ebf-bc1b-903156417de0-768x256.jpg 768w\" sizes=\"(max-width: 960px) 100vw, 960px\" \/>\t\t\t\t\t\t\t\t\t\t\t\t\t\t\t<\/div>\n\t\t\t\t<\/div>\n\t\t\t\t<div class=\"elementor-element elementor-element-42493d1 elementor-widget elementor-widget-spacer\" data-id=\"42493d1\" data-element_type=\"widget\" data-e-type=\"widget\" data-widget_type=\"spacer.default\">\n\t\t\t\t<div class=\"elementor-widget-container\">\n\t\t\t\t\t\t\t<div class=\"elementor-spacer\">\n\t\t\t<div class=\"elementor-spacer-inner\"><\/div>\n\t\t<\/div>\n\t\t\t\t\t\t<\/div>\n\t\t\t\t<\/div>\n\t\t<div class=\"elementor-element elementor-element-b737ac9 e-con-full e-flex e-con e-child\" data-id=\"b737ac9\" data-element_type=\"container\" data-e-type=\"container\">\n\t\t<div class=\"elementor-element elementor-element-4835e08 e-con-full e-flex e-con e-child\" data-id=\"4835e08\" data-element_type=\"container\" data-e-type=\"container\">\n\t\t\t\t<div class=\"elementor-element elementor-element-b44f9a3 elementor-widget elementor-widget-heading\" data-id=\"b44f9a3\" data-element_type=\"widget\" data-e-type=\"widget\" data-widget_type=\"heading.default\">\n\t\t\t\t<div class=\"elementor-widget-container\">\n\t\t\t\t\t<h2 class=\"elementor-heading-title elementor-size-default\">Purinstoffwechsel beim Dalmatiner<\/h2>\t\t\t\t<\/div>\n\t\t\t\t<\/div>\n\t\t\t\t<\/div>\n\t\t<div class=\"elementor-element elementor-element-a3d2669 e-con-full e-flex e-con e-child\" data-id=\"a3d2669\" data-element_type=\"container\" data-e-type=\"container\">\n\t\t\t\t<div class=\"elementor-element elementor-element-6193d28 elementor-widget elementor-widget-text-editor\" data-id=\"6193d28\" data-element_type=\"widget\" data-e-type=\"widget\" data-widget_type=\"text-editor.default\">\n\t\t\t\t<div class=\"elementor-widget-container\">\n\t\t\t\t\t\t\t\t\t<p><span style=\"color: #ff0000;\"><span style=\"color: #000000;\">(<\/span><a style=\"color: #ff0000;\" href=\"http:\/\/dalmatiner-wissen.de\/gesundheit\/purinstoffwechsel\" target=\"_blank\" rel=\"noopener\" data-cke-saved-href=\"http:\/\/dalmatiner-wissen.de\/gesundheit\/purinstoffwechsel\">http:\/\/dalmatiner-wissen.de\/gesundheit\/purinstoffwechsel<\/a><span style=\"color: #000000;\">)<\/span><\/span><\/p>\t\t\t\t\t\t\t\t<\/div>\n\t\t\t\t<\/div>\n\t\t\t\t<\/div>\n\t\t\t\t<\/div>\n\t\t\t\t<div class=\"elementor-element elementor-element-6a2dc7f elementor-widget elementor-widget-heading\" data-id=\"6a2dc7f\" data-element_type=\"widget\" data-e-type=\"widget\" data-widget_type=\"heading.default\">\n\t\t\t\t<div class=\"elementor-widget-container\">\n\t\t\t\t\t<h2 class=\"elementor-heading-title elementor-size-default\">Deshalb solltest du das von uns vorgeschlagene PRIMAFU Futter nehmen!<\/h2>\t\t\t\t<\/div>\n\t\t\t\t<\/div>\n\t\t\t\t<div class=\"elementor-element elementor-element-d756426 elementor-widget elementor-widget-text-editor\" data-id=\"d756426\" data-element_type=\"widget\" data-e-type=\"widget\" data-widget_type=\"text-editor.default\">\n\t\t\t\t<div class=\"elementor-widget-container\">\n\t\t\t\t\t\t\t\t\t<div><p>Primafu ist so zusammengestellt, dass die Innereinzusammensetzung \u00a0\u201ein sich\u201c erg\u00e4nzend ist.<br \/>Das bedeutet, dass die Innereien zusammen mit dem Muskelfleisch (welches kein Herz enth\u00e4lt, wie so viele Trocken\/Nass-Futter und BARF-Mischungen, ein Faktor, der zu den problematischen Purin-\u201cHochs\u201c f\u00fchren kann) in idealer Weise aufgenommen und auch von Dalmatiner problemlos verstoffwechselt werden k\u00f6nnen.<\/p><p>Ein wichtiger Faktor hier ist, dass die Deklaration Innereinen (da l\u00e4sst die Futtermittelverordnung leider viele sehr ung\u00fcnstigen Kombinationen und Bestandteile zu \u2013 und entsprechend sind viele Trocken\/Nass-Futter und BARF-Mischungen ung\u00fcnstig) mittels st\u00e4ndiger Laborpr\u00fcfung bei Primafu immer im idealen Verh\u00e4ltnis ist und keine einseitigen \u00dcberdosierungen enth\u00e4lt (wie zum Beispiel Pansen \u2013 um nur ein Faktor zu erw\u00e4hnen \u2013 welcher als sehr g\u00fcnstiger Bestandteil einerseits viel zuviel Bindegewebe enth\u00e4lt und deshalb keinesfalls in grossen Mengen in der Mischung sein darf).<\/p><p>Bei PRIMAFU achtet man\u00a0bei der Mischung nicht nur auf perfekte Synergien der Innereien und des Muskelfleisches, sondern auch noch darauf, dass die Menge an Knorpel (teilweise in der Mischung enthalten) und Knochen (kostenlose Abgabe zur \u201eWurst\u201c) den Stoffwechsel \u201eaustarieren\u201c.<\/p><p>Daneben enth\u00e4lt das Alleinfutter PRIMAFU\u00a0auch noch Gem\u00fcse (nicht roh, weil auch das die Stoffwechselbalance erschwert) und andere Bestandteile (detailliert sehen sie dies bei der jeweiligen Wurst <span style=\"color: #ff0000;\"><a style=\"color: #ff0000;\" href=\"https:\/\/www.primafu.swiss\/index.cfm?Page=H05\" target=\"_blank\" rel=\"noopener\" data-cke-saved-href=\"https:\/\/www.primafu.swiss\/index.cfm?Page=H05\">https:\/\/www.primafu.swiss\/index.cfm?Page=H05<\/a> <\/span>)<\/p><\/div>\t\t\t\t\t\t\t\t<\/div>\n\t\t\t\t<\/div>\n\t\t\t\t<div class=\"elementor-element elementor-element-322f235 elementor-widget elementor-widget-image\" data-id=\"322f235\" data-element_type=\"widget\" data-e-type=\"widget\" data-widget_type=\"image.default\">\n\t\t\t\t<div class=\"elementor-widget-container\">\n\t\t\t\t\t\t\t\t\t\t\t\t\t\t\t<img decoding=\"async\" width=\"453\" height=\"115\" src=\"https:\/\/www.dalmatiner-von-fischingertal.ch\/cms\/wp-content\/uploads\/2024\/07\/9846851-Primafu-8f14e.jpg\" class=\"attachment-large size-large wp-image-18\" alt=\"\" srcset=\"https:\/\/www.dalmatiner-von-fischingertal.ch\/cms\/wp-content\/uploads\/2024\/07\/9846851-Primafu-8f14e.jpg 453w, https:\/\/www.dalmatiner-von-fischingertal.ch\/cms\/wp-content\/uploads\/2024\/07\/9846851-Primafu-8f14e-300x76.jpg 300w\" sizes=\"(max-width: 453px) 100vw, 453px\" \/>\t\t\t\t\t\t\t\t\t\t\t\t\t\t\t<\/div>\n\t\t\t\t<\/div>\n\t\t\t\t<div class=\"elementor-element elementor-element-e877bb9 elementor-widget elementor-widget-spacer\" data-id=\"e877bb9\" data-element_type=\"widget\" data-e-type=\"widget\" data-widget_type=\"spacer.default\">\n\t\t\t\t<div class=\"elementor-widget-container\">\n\t\t\t\t\t\t\t<div class=\"elementor-spacer\">\n\t\t\t<div class=\"elementor-spacer-inner\"><\/div>\n\t\t<\/div>\n\t\t\t\t\t\t<\/div>\n\t\t\t\t<\/div>\n\t\t\t\t\t<\/div>\n\t\t\t\t<\/div>\n\t\t\t\t<\/div>\n\t\t","protected":false},"excerpt":{"rendered":"<p>Purinstoffwechsel beim Dalmatiner (http:\/\/dalmatiner-wissen.de\/gesundheit\/purinstoffwechsel) Deshalb solltest du das von uns vorgeschlagene PRIMAFU Futter nehmen! Primafu ist so zusammengestellt, dass die Innereinzusammensetzung \u00a0\u201ein sich\u201c erg\u00e4nzend ist.Das bedeutet, dass die Innereien zusammen mit dem Muskelfleisch (welches kein Herz enth\u00e4lt, wie so viele Trocken\/Nass-Futter und BARF-Mischungen, ein Faktor, der zu den problematischen Purin-\u201cHochs\u201c f\u00fchren kann) in idealer Weise&hellip;&nbsp;<\/p>\n","protected":false},"author":1,"featured_media":0,"parent":0,"menu_order":0,"comment_status":"closed","ping_status":"closed","template":"page-templates\/template-pagebuilder-full-width.php","meta":{"neve_meta_sidebar":"","neve_meta_container":"","neve_meta_enable_content_width":"","neve_meta_content_width":0,"neve_meta_title_alignment":"","neve_meta_author_avatar":"","neve_post_elements_order":"","neve_meta_disable_header":"","neve_meta_disable_footer":"","neve_meta_disable_title":"","footnotes":""},"class_list":["post-53","page","type-page","status-publish","hentry"],"_links":{"self":[{"href":"https:\/\/www.dalmatiner-von-fischingertal.ch\/cms\/wp-json\/wp\/v2\/pages\/53","targetHints":{"allow":["GET"]}}],"collection":[{"href":"https:\/\/www.dalmatiner-von-fischingertal.ch\/cms\/wp-json\/wp\/v2\/pages"}],"about":[{"href":"https:\/\/www.dalmatiner-von-fischingertal.ch\/cms\/wp-json\/wp\/v2\/types\/page"}],"author":[{"embeddable":true,"href":"https:\/\/www.dalmatiner-von-fischingertal.ch\/cms\/wp-json\/wp\/v2\/users\/1"}],"replies":[{"embeddable":true,"href":"https:\/\/www.dalmatiner-von-fischingertal.ch\/cms\/wp-json\/wp\/v2\/comments?post=53"}],"version-history":[{"count":10,"href":"https:\/\/www.dalmatiner-von-fischingertal.ch\/cms\/wp-json\/wp\/v2\/pages\/53\/revisions"}],"predecessor-version":[{"id":867,"href":"https:\/\/www.dalmatiner-von-fischingertal.ch\/cms\/wp-json\/wp\/v2\/pages\/53\/revisions\/867"}],"wp:attachment":[{"href":"https:\/\/www.dalmatiner-von-fischingertal.ch\/cms\/wp-json\/wp\/v2\/media?parent=53"}],"curies":[{"name":"wp","href":"https:\/\/api.w.org\/{rel}","templated":true}]}}