{"id":480,"date":"2024-07-25T14:48:32","date_gmt":"2024-07-25T12:48:32","guid":{"rendered":"https:\/\/www.dalmatiner-von-fischingertal.ch\/cms\/?page_id=480"},"modified":"2024-07-26T10:48:42","modified_gmt":"2024-07-26T08:48:42","slug":"d-wurf-geburt","status":"publish","type":"page","link":"https:\/\/www.dalmatiner-von-fischingertal.ch\/cms\/d-wurf-geburt\/","title":{"rendered":"D-Wurf Geburt"},"content":{"rendered":"\t\t<div data-elementor-type=\"wp-page\" data-elementor-id=\"480\" class=\"elementor elementor-480\">\n\t\t\t\t<div class=\"elementor-element elementor-element-2cecd99 e-flex e-con-boxed e-con e-parent\" data-id=\"2cecd99\" data-element_type=\"container\" data-e-type=\"container\">\n\t\t\t\t\t<div class=\"e-con-inner\">\n\t\t\t\t<div class=\"elementor-element elementor-element-ad765d2 elementor-widget elementor-widget-image\" data-id=\"ad765d2\" data-element_type=\"widget\" data-e-type=\"widget\" data-widget_type=\"image.default\">\n\t\t\t\t<div class=\"elementor-widget-container\">\n\t\t\t\t\t\t\t\t\t\t\t\t\t\t\t<img fetchpriority=\"high\" decoding=\"async\" width=\"960\" height=\"320\" src=\"https:\/\/www.dalmatiner-von-fischingertal.ch\/cms\/wp-content\/uploads\/2024\/07\/8274059-7149843d-5e0c-4ebf-bc1b-903156417de0.jpg\" class=\"attachment-large size-large wp-image-15\" alt=\"\" srcset=\"https:\/\/www.dalmatiner-von-fischingertal.ch\/cms\/wp-content\/uploads\/2024\/07\/8274059-7149843d-5e0c-4ebf-bc1b-903156417de0.jpg 960w, https:\/\/www.dalmatiner-von-fischingertal.ch\/cms\/wp-content\/uploads\/2024\/07\/8274059-7149843d-5e0c-4ebf-bc1b-903156417de0-300x100.jpg 300w, https:\/\/www.dalmatiner-von-fischingertal.ch\/cms\/wp-content\/uploads\/2024\/07\/8274059-7149843d-5e0c-4ebf-bc1b-903156417de0-768x256.jpg 768w\" sizes=\"(max-width: 960px) 100vw, 960px\" \/>\t\t\t\t\t\t\t\t\t\t\t\t\t\t\t<\/div>\n\t\t\t\t<\/div>\n\t\t\t\t<div class=\"elementor-element elementor-element-702327c elementor-widget elementor-widget-spacer\" data-id=\"702327c\" data-element_type=\"widget\" data-e-type=\"widget\" data-widget_type=\"spacer.default\">\n\t\t\t\t<div class=\"elementor-widget-container\">\n\t\t\t\t\t\t\t<div class=\"elementor-spacer\">\n\t\t\t<div class=\"elementor-spacer-inner\"><\/div>\n\t\t<\/div>\n\t\t\t\t\t\t<\/div>\n\t\t\t\t<\/div>\n\t\t\t\t<div class=\"elementor-element elementor-element-3362112 elementor-widget elementor-widget-text-editor\" data-id=\"3362112\" data-element_type=\"widget\" data-e-type=\"widget\" data-widget_type=\"text-editor.default\">\n\t\t\t\t<div class=\"elementor-widget-container\">\n\t\t\t\t\t\t\t\t\t<div class=\"freetextarea\"><div><div class=\"freetextarea\"><div><div class=\"freetextarea\"><div class=\"freetextarea\"><div><p>Am 02.10.2023 hatte das Warten auf unseren D-Wurf ein Ende. Um 11:30\u00a0Uhr am Mittag brachte Oani\u00a0das erste Baby zur Welt. Sie machte das souver\u00e4n. Es war ein M\u00e4del. Was wir noch nicht wussten, es sollten f\u00fcnf\u00a0geben.\u00a0Ihm folgten im Laufe des Mittags\/Abends ganz\u00a0problemlos weitere 9\u00a0Welpen. Schlussendlich waren es 5\u00a0M\u00e4dels und 5\u00a0Boys.\u00a0Die kleinen zehn, bringen\u00a0ein durchschnittliches Geburtsgewicht von 300\u00a0g auf die Waage und\u00a0zeigten sich von Anfang an zufrieden. Die Geburt verlief\u00a0ohne Probleme. Oani\u00a0hat dies\u00a0 mit Bravur gemeistert.\u00a0\u00a0<\/p><p>Wir freuen uns riesig \u00fcber die s\u00fcssen kleinen 10 Sternchen\u00a0und zeigen hier schon einmal die\u00a0ersten Bilder und Filme der Hunde-Familie.<\/p><\/div><\/div><\/div><\/div><\/div><\/div><\/div>\t\t\t\t\t\t\t\t<\/div>\n\t\t\t\t<\/div>\n\t\t<div class=\"elementor-element elementor-element-6603346 e-con-full e-flex e-con e-child\" data-id=\"6603346\" data-element_type=\"container\" data-e-type=\"container\">\n\t\t<div class=\"elementor-element elementor-element-6e1b597 e-con-full e-flex e-con e-child\" data-id=\"6e1b597\" data-element_type=\"container\" data-e-type=\"container\">\n\t\t\t\t<div class=\"elementor-element elementor-element-cfa99b6 elementor-widget elementor-widget-image\" data-id=\"cfa99b6\" data-element_type=\"widget\" data-e-type=\"widget\" data-widget_type=\"image.default\">\n\t\t\t\t<div class=\"elementor-widget-container\">\n\t\t\t\t\t\t\t\t\t\t\t\t\t\t\t<img decoding=\"async\" width=\"1024\" height=\"768\" src=\"https:\/\/www.dalmatiner-von-fischingertal.ch\/cms\/wp-content\/uploads\/2024\/07\/12400871-Alle_10-e4da3.w1024.jpg\" class=\"attachment-large size-large wp-image-482\" alt=\"\" srcset=\"https:\/\/www.dalmatiner-von-fischingertal.ch\/cms\/wp-content\/uploads\/2024\/07\/12400871-Alle_10-e4da3.w1024.jpg 1024w, https:\/\/www.dalmatiner-von-fischingertal.ch\/cms\/wp-content\/uploads\/2024\/07\/12400871-Alle_10-e4da3.w1024-300x225.jpg 300w, https:\/\/www.dalmatiner-von-fischingertal.ch\/cms\/wp-content\/uploads\/2024\/07\/12400871-Alle_10-e4da3.w1024-768x576.jpg 768w\" sizes=\"(max-width: 1024px) 100vw, 1024px\" \/>\t\t\t\t\t\t\t\t\t\t\t\t\t\t\t<\/div>\n\t\t\t\t<\/div>\n\t\t\t\t<\/div>\n\t\t<div class=\"elementor-element elementor-element-3fa3021 e-con-full e-flex e-con e-child\" data-id=\"3fa3021\" data-element_type=\"container\" data-e-type=\"container\">\n\t\t\t\t<div class=\"elementor-element elementor-element-78a4018 elementor-widget elementor-widget-image\" data-id=\"78a4018\" data-element_type=\"widget\" data-e-type=\"widget\" data-widget_type=\"image.default\">\n\t\t\t\t<div class=\"elementor-widget-container\">\n\t\t\t\t\t\t\t\t\t\t\t\t\t\t\t<img decoding=\"async\" width=\"1024\" height=\"768\" src=\"https:\/\/www.dalmatiner-von-fischingertal.ch\/cms\/wp-content\/uploads\/2024\/07\/12400877-Familie2-c51ce.w1024.jpg\" class=\"attachment-large size-large wp-image-483\" alt=\"\" srcset=\"https:\/\/www.dalmatiner-von-fischingertal.ch\/cms\/wp-content\/uploads\/2024\/07\/12400877-Familie2-c51ce.w1024.jpg 1024w, https:\/\/www.dalmatiner-von-fischingertal.ch\/cms\/wp-content\/uploads\/2024\/07\/12400877-Familie2-c51ce.w1024-300x225.jpg 300w, https:\/\/www.dalmatiner-von-fischingertal.ch\/cms\/wp-content\/uploads\/2024\/07\/12400877-Familie2-c51ce.w1024-768x576.jpg 768w\" sizes=\"(max-width: 1024px) 100vw, 1024px\" \/>\t\t\t\t\t\t\t\t\t\t\t\t\t\t\t<\/div>\n\t\t\t\t<\/div>\n\t\t\t\t<\/div>\n\t\t\t\t<\/div>\n\t\t<div class=\"elementor-element elementor-element-9c88f56 e-con-full e-flex e-con e-child\" data-id=\"9c88f56\" data-element_type=\"container\" data-e-type=\"container\">\n\t\t<div class=\"elementor-element elementor-element-da7b95e e-con-full e-flex e-con e-child\" data-id=\"da7b95e\" data-element_type=\"container\" data-e-type=\"container\">\n\t\t\t\t<div class=\"elementor-element elementor-element-0fc5dbe elementor-widget elementor-widget-image\" data-id=\"0fc5dbe\" data-element_type=\"widget\" data-e-type=\"widget\" data-widget_type=\"image.default\">\n\t\t\t\t<div class=\"elementor-widget-container\">\n\t\t\t\t\t\t\t\t\t\t\t\t\t\t\t<img loading=\"lazy\" decoding=\"async\" width=\"1024\" height=\"768\" src=\"https:\/\/www.dalmatiner-von-fischingertal.ch\/cms\/wp-content\/uploads\/2024\/07\/12400883-3_kleine-e4da3.w1024.jpg\" class=\"attachment-large size-large wp-image-484\" alt=\"\" srcset=\"https:\/\/www.dalmatiner-von-fischingertal.ch\/cms\/wp-content\/uploads\/2024\/07\/12400883-3_kleine-e4da3.w1024.jpg 1024w, https:\/\/www.dalmatiner-von-fischingertal.ch\/cms\/wp-content\/uploads\/2024\/07\/12400883-3_kleine-e4da3.w1024-300x225.jpg 300w, https:\/\/www.dalmatiner-von-fischingertal.ch\/cms\/wp-content\/uploads\/2024\/07\/12400883-3_kleine-e4da3.w1024-768x576.jpg 768w\" sizes=\"(max-width: 1024px) 100vw, 1024px\" \/>\t\t\t\t\t\t\t\t\t\t\t\t\t\t\t<\/div>\n\t\t\t\t<\/div>\n\t\t\t\t<\/div>\n\t\t<div class=\"elementor-element elementor-element-24d54e2 e-con-full e-flex e-con e-child\" data-id=\"24d54e2\" data-element_type=\"container\" data-e-type=\"container\">\n\t\t\t\t<div class=\"elementor-element elementor-element-1c5e6a9 elementor-widget elementor-widget-image\" data-id=\"1c5e6a9\" data-element_type=\"widget\" data-e-type=\"widget\" data-widget_type=\"image.default\">\n\t\t\t\t<div class=\"elementor-widget-container\">\n\t\t\t\t\t\t\t\t\t\t\t\t\t\t\t<img loading=\"lazy\" decoding=\"async\" width=\"1024\" height=\"768\" src=\"https:\/\/www.dalmatiner-von-fischingertal.ch\/cms\/wp-content\/uploads\/2024\/07\/12400889-Mama_und_orange-9bf31.w1024.jpg\" class=\"attachment-large size-large wp-image-485\" alt=\"\" srcset=\"https:\/\/www.dalmatiner-von-fischingertal.ch\/cms\/wp-content\/uploads\/2024\/07\/12400889-Mama_und_orange-9bf31.w1024.jpg 1024w, https:\/\/www.dalmatiner-von-fischingertal.ch\/cms\/wp-content\/uploads\/2024\/07\/12400889-Mama_und_orange-9bf31.w1024-300x225.jpg 300w, https:\/\/www.dalmatiner-von-fischingertal.ch\/cms\/wp-content\/uploads\/2024\/07\/12400889-Mama_und_orange-9bf31.w1024-768x576.jpg 768w\" sizes=\"(max-width: 1024px) 100vw, 1024px\" \/>\t\t\t\t\t\t\t\t\t\t\t\t\t\t\t<\/div>\n\t\t\t\t<\/div>\n\t\t\t\t<\/div>\n\t\t\t\t<\/div>\n\t\t<div class=\"elementor-element elementor-element-77726cc e-con-full e-flex e-con e-child\" data-id=\"77726cc\" data-element_type=\"container\" data-e-type=\"container\">\n\t\t<div class=\"elementor-element elementor-element-623e67d e-con-full e-flex e-con e-child\" data-id=\"623e67d\" data-element_type=\"container\" data-e-type=\"container\">\n\t\t\t\t<div class=\"elementor-element elementor-element-9f64de7 elementor-widget elementor-widget-video\" data-id=\"9f64de7\" data-element_type=\"widget\" data-e-type=\"widget\" data-settings=\"{&quot;youtube_url&quot;:&quot;https:\\\/\\\/youtu.be\\\/XzT8jqlPVMo&quot;,&quot;video_type&quot;:&quot;youtube&quot;,&quot;controls&quot;:&quot;yes&quot;}\" data-widget_type=\"video.default\">\n\t\t\t\t<div class=\"elementor-widget-container\">\n\t\t\t\t\t\t\t<div class=\"elementor-wrapper elementor-open-inline\">\n\t\t\t<div class=\"elementor-video\"><\/div>\t\t<\/div>\n\t\t\t\t\t\t<\/div>\n\t\t\t\t<\/div>\n\t\t\t\t<\/div>\n\t\t\t\t<\/div>\n\t\t\t\t<div class=\"elementor-element elementor-element-6e1edd4 elementor-widget elementor-widget-spacer\" data-id=\"6e1edd4\" data-element_type=\"widget\" data-e-type=\"widget\" data-widget_type=\"spacer.default\">\n\t\t\t\t<div class=\"elementor-widget-container\">\n\t\t\t\t\t\t\t<div class=\"elementor-spacer\">\n\t\t\t<div class=\"elementor-spacer-inner\"><\/div>\n\t\t<\/div>\n\t\t\t\t\t\t<\/div>\n\t\t\t\t<\/div>\n\t\t\t\t\t<\/div>\n\t\t\t\t<\/div>\n\t\t\t\t<\/div>\n\t\t","protected":false},"excerpt":{"rendered":"<p>Am 02.10.2023 hatte das Warten auf unseren D-Wurf ein Ende. Um 11:30\u00a0Uhr am Mittag brachte Oani\u00a0das erste Baby zur Welt. Sie machte das souver\u00e4n. Es war ein M\u00e4del. Was wir noch nicht wussten, es sollten f\u00fcnf\u00a0geben.\u00a0Ihm folgten im Laufe des Mittags\/Abends ganz\u00a0problemlos weitere 9\u00a0Welpen. Schlussendlich waren es 5\u00a0M\u00e4dels und 5\u00a0Boys.\u00a0Die kleinen zehn, bringen\u00a0ein durchschnittliches Geburtsgewicht&hellip;&nbsp;<\/p>\n","protected":false},"author":1,"featured_media":0,"parent":0,"menu_order":0,"comment_status":"closed","ping_status":"closed","template":"page-templates\/template-pagebuilder-full-width.php","meta":{"neve_meta_sidebar":"","neve_meta_container":"","neve_meta_enable_content_width":"","neve_meta_content_width":0,"neve_meta_title_alignment":"","neve_meta_author_avatar":"","neve_post_elements_order":"","neve_meta_disable_header":"","neve_meta_disable_footer":"","neve_meta_disable_title":"","footnotes":""},"class_list":["post-480","page","type-page","status-publish","hentry"],"_links":{"self":[{"href":"https:\/\/www.dalmatiner-von-fischingertal.ch\/cms\/wp-json\/wp\/v2\/pages\/480","targetHints":{"allow":["GET"]}}],"collection":[{"href":"https:\/\/www.dalmatiner-von-fischingertal.ch\/cms\/wp-json\/wp\/v2\/pages"}],"about":[{"href":"https:\/\/www.dalmatiner-von-fischingertal.ch\/cms\/wp-json\/wp\/v2\/types\/page"}],"author":[{"embeddable":true,"href":"https:\/\/www.dalmatiner-von-fischingertal.ch\/cms\/wp-json\/wp\/v2\/users\/1"}],"replies":[{"embeddable":true,"href":"https:\/\/www.dalmatiner-von-fischingertal.ch\/cms\/wp-json\/wp\/v2\/comments?post=480"}],"version-history":[{"count":4,"href":"https:\/\/www.dalmatiner-von-fischingertal.ch\/cms\/wp-json\/wp\/v2\/pages\/480\/revisions"}],"predecessor-version":[{"id":488,"href":"https:\/\/www.dalmatiner-von-fischingertal.ch\/cms\/wp-json\/wp\/v2\/pages\/480\/revisions\/488"}],"wp:attachment":[{"href":"https:\/\/www.dalmatiner-von-fischingertal.ch\/cms\/wp-json\/wp\/v2\/media?parent=480"}],"curies":[{"name":"wp","href":"https:\/\/api.w.org\/{rel}","templated":true}]}}