{"id":35,"date":"2024-07-23T08:26:33","date_gmt":"2024-07-23T06:26:33","guid":{"rendered":"https:\/\/www.dalmatiner-von-fischingertal.ch\/cms\/?page_id=35"},"modified":"2024-07-23T08:28:32","modified_gmt":"2024-07-23T06:28:32","slug":"dalmatiner-wie-fuettern","status":"publish","type":"page","link":"https:\/\/www.dalmatiner-von-fischingertal.ch\/cms\/dalmatiner-wie-fuettern\/","title":{"rendered":"Dalmatiner wie f\u00fcttern?"},"content":{"rendered":"\t\t<div data-elementor-type=\"wp-page\" data-elementor-id=\"35\" class=\"elementor elementor-35\">\n\t\t\t\t<div class=\"elementor-element elementor-element-5fbab23 e-flex e-con-boxed e-con e-parent\" data-id=\"5fbab23\" data-element_type=\"container\" data-e-type=\"container\">\n\t\t\t\t\t<div class=\"e-con-inner\">\n\t\t\t\t<div class=\"elementor-element elementor-element-8b82ab3 elementor-widget elementor-widget-image\" data-id=\"8b82ab3\" data-element_type=\"widget\" data-e-type=\"widget\" data-widget_type=\"image.default\">\n\t\t\t\t<div class=\"elementor-widget-container\">\n\t\t\t\t\t\t\t\t\t\t\t\t\t\t\t<img fetchpriority=\"high\" decoding=\"async\" width=\"960\" height=\"320\" src=\"https:\/\/www.dalmatiner-von-fischingertal.ch\/cms\/wp-content\/uploads\/2024\/07\/8274059-7149843d-5e0c-4ebf-bc1b-903156417de0.jpg\" class=\"attachment-large size-large wp-image-15\" alt=\"\" srcset=\"https:\/\/www.dalmatiner-von-fischingertal.ch\/cms\/wp-content\/uploads\/2024\/07\/8274059-7149843d-5e0c-4ebf-bc1b-903156417de0.jpg 960w, https:\/\/www.dalmatiner-von-fischingertal.ch\/cms\/wp-content\/uploads\/2024\/07\/8274059-7149843d-5e0c-4ebf-bc1b-903156417de0-300x100.jpg 300w, https:\/\/www.dalmatiner-von-fischingertal.ch\/cms\/wp-content\/uploads\/2024\/07\/8274059-7149843d-5e0c-4ebf-bc1b-903156417de0-768x256.jpg 768w\" sizes=\"(max-width: 960px) 100vw, 960px\" \/>\t\t\t\t\t\t\t\t\t\t\t\t\t\t\t<\/div>\n\t\t\t\t<\/div>\n\t\t\t\t<div class=\"elementor-element elementor-element-4dfe05e elementor-widget elementor-widget-spacer\" data-id=\"4dfe05e\" data-element_type=\"widget\" data-e-type=\"widget\" data-widget_type=\"spacer.default\">\n\t\t\t\t<div class=\"elementor-widget-container\">\n\t\t\t\t\t\t\t<div class=\"elementor-spacer\">\n\t\t\t<div class=\"elementor-spacer-inner\"><\/div>\n\t\t<\/div>\n\t\t\t\t\t\t<\/div>\n\t\t\t\t<\/div>\n\t\t\t\t<div class=\"elementor-element elementor-element-0028ef6 elementor-widget elementor-widget-heading\" data-id=\"0028ef6\" data-element_type=\"widget\" data-e-type=\"widget\" data-widget_type=\"heading.default\">\n\t\t\t\t<div class=\"elementor-widget-container\">\n\t\t\t\t\t<h2 class=\"elementor-heading-title elementor-size-default\">Von Anfang an richtig f\u00fcttern \n<br>\n\u200b\u200b\u200b\u200b\u200b\u200b\u200b\u200b\u200b\u200b\u200b\u200b\u200b\u200bum Allergien zu vermeiden!<\/h2>\t\t\t\t<\/div>\n\t\t\t\t<\/div>\n\t\t\t\t<div class=\"elementor-element elementor-element-d78d097 elementor-widget elementor-widget-text-editor\" data-id=\"d78d097\" data-element_type=\"widget\" data-e-type=\"widget\" data-widget_type=\"text-editor.default\">\n\t\t\t\t<div class=\"elementor-widget-container\">\n\t\t\t\t\t\t\t\t\t<p>Die Ern\u00e4hrung ist zweifelsohne einer der wichtigsten Standpunkte der Gesundheit. Deshalb ern\u00e4hre ich meine Hunde und Welpen mit hochwertigem Rohfleischfutter von <a href=\"http:\/\/www.primafu.swiss\" target=\"_blank\" rel=\"noopener\" data-cke-saved-href=\"http:\/\/www.primafu.swiss\"><strong><u><span style=\"color: #ff0000;\">PRIMAFU<\/span><\/u><\/strong><\/a>. Ich gehe auf die \u201eOrale Toleranz\u201c ein und versuche somit sicher zu stellen, dass meine Welpen keine Futtermittelallergien durch falsche F\u00fctterung (= einfach nur Trockenfutter) entwickeln.\u00a0<\/p>\t\t\t\t\t\t\t\t<\/div>\n\t\t\t\t<\/div>\n\t\t\t\t<div class=\"elementor-element elementor-element-517927b elementor-widget elementor-widget-heading\" data-id=\"517927b\" data-element_type=\"widget\" data-e-type=\"widget\" data-widget_type=\"heading.default\">\n\t\t\t\t<div class=\"elementor-widget-container\">\n\t\t\t\t\t<h2 class=\"elementor-heading-title elementor-size-default\">Orale Toleranz<\/h2>\t\t\t\t<\/div>\n\t\t\t\t<\/div>\n\t\t\t\t<div class=\"elementor-element elementor-element-953324b elementor-widget elementor-widget-text-editor\" data-id=\"953324b\" data-element_type=\"widget\" data-e-type=\"widget\" data-widget_type=\"text-editor.default\">\n\t\t\t\t<div class=\"elementor-widget-container\">\n\t\t\t\t\t\t\t\t\t<div>Der Begriff &#171;orale Toleranz&#187; beschreibt den Vorgang, bei dem der Magen-Darm-Trakt lernt die aufgenommene Nahrung als N\u00e4hrstoffe zu erkennen, damit keine allergische Reaktion erfolgt. Dabei wird erstmal bei allen aufgenommenen Fremdstoffen unterschieden, ob sie potentiell gef\u00e4hrlich (Erreger) oder ungef\u00e4hrlich (N\u00e4hrstoffe) sind. Durch verschiedene Lymphozyten, die Immunreaktionen unterdr\u00fccken, bekommt das Immunsystem mit Hilfe bestimmter Botenstoffe die Information, die gel\u00f6sten Molek\u00fchle der aufgenommenen Nahrung nicht anzugreifen. Wegen der hohen Antigenspezifit\u00e4t der oralen Toleranz findet eine Abwehr gegen Krankheitserreger trotzdem statt.<\/div><div>Die orale Toleranz verhindert also, dass ein Welpe, der gerade beginnt fremde Nahrung zu sich zu nehmen, allergische Reaktionen gegen diese Fremdstoffe entwickelt und sorgt daf\u00fcr, dass er dennoch gegen Erreger gesch\u00fctzt ist.<\/div><div>\u00a0<\/div><div>Futtermittelallergien haben in den letzten f\u00fcnfzig Jahren enorm zugenommen. Die Hauptursache hat damit zu tun, dass Welpen, die mit Fertigfutterprodukten (Trocken und Nass) entw\u00f6hnt werden, dazu neigen <u><strong>keine<\/strong><\/u> orale Toleranz zu bestimmten N\u00e4hrstoffen zu entwickeln.<\/div><div>\u00a0<\/div><div>Es ist im h\u00f6chsten Mass unnat\u00fcrlich, dass ein Hundewelpe 20-50 verschiedene N\u00e4hrstoffe auf einmal zu sich nimmt, wie es bei einem Fertigprodukt \u00fcblich ist. Es dauert in der Regel einige Tage, bis sich eine orale Toleranz zu <u><strong>einem<\/strong><\/u> N\u00e4hrstoff entwickelt. Um so mehr verschiedene neue N\u00e4hrstoffe gleichzeitig im Verdauungssystem ankommen, umso wahrscheinlicher ist es, dass eine orale Toleranz <u><strong>nicht<\/strong><\/u> bei allen N\u00e4hrstoffen erreicht wird. Zudem werden Welpen oft zu fr\u00fch entw\u00f6hnt, und zwar in einem Alter , in dem sie noch nicht die F\u00e4higkeit besitzen orale Toleranz zu entwickeln. Wir fangen mitte der vierten bis f\u00fcnften Lebenswoche mit der Zuf\u00fctterung von PRIMAFU Rohfleischalleinfutter an und sind damit bestens gefahren.<\/div><div>\u00a0<\/div><div>Ein weiterer Grund liegt in der Verdaulichkeit der Nahrungsmittel. Hunde sind Karnivoren (Fleischfresser) und daher geh\u00f6rt Getreide nur\u00a0in kleine Dosen und in Form von Hirse oder Hafer (kein Weizen) in die Futtermittel. Hunde entwickeln am h\u00e4ufigsten Allergien auf Getreide bzw. das darin enthaltene Gluten. Getreide wird am schlechtesten\u00a0verdaut!<\/div><div>\u00a0<\/div><div>Deshalb f\u00fcttern wir unsere Hunde mit <span style=\"color: #ff0000;\"><u><strong><a style=\"color: #ff0000;\" href=\"http:\/\/www.primafu.swiss\" target=\"_blank\" rel=\"noopener\" data-cke-saved-href=\"http:\/\/www.primafu.swiss\">PRIMAFU<\/a><\/strong><\/u><\/span>, das einzigartige Futter welches auf die orale Toleranz der Welpen abgestimmt ist.<\/div>\t\t\t\t\t\t\t\t<\/div>\n\t\t\t\t<\/div>\n\t\t\t\t<div class=\"elementor-element elementor-element-d8255b8 elementor-widget elementor-widget-image\" data-id=\"d8255b8\" data-element_type=\"widget\" data-e-type=\"widget\" data-widget_type=\"image.default\">\n\t\t\t\t<div class=\"elementor-widget-container\">\n\t\t\t\t\t\t\t\t\t\t\t\t\t\t\t<img decoding=\"async\" width=\"453\" height=\"115\" src=\"https:\/\/www.dalmatiner-von-fischingertal.ch\/cms\/wp-content\/uploads\/2024\/07\/9846851-Primafu-8f14e.jpg\" class=\"attachment-large size-large wp-image-18\" alt=\"\" srcset=\"https:\/\/www.dalmatiner-von-fischingertal.ch\/cms\/wp-content\/uploads\/2024\/07\/9846851-Primafu-8f14e.jpg 453w, https:\/\/www.dalmatiner-von-fischingertal.ch\/cms\/wp-content\/uploads\/2024\/07\/9846851-Primafu-8f14e-300x76.jpg 300w\" sizes=\"(max-width: 453px) 100vw, 453px\" \/>\t\t\t\t\t\t\t\t\t\t\t\t\t\t\t<\/div>\n\t\t\t\t<\/div>\n\t\t\t\t<div class=\"elementor-element elementor-element-767666e elementor-widget elementor-widget-spacer\" data-id=\"767666e\" data-element_type=\"widget\" data-e-type=\"widget\" data-widget_type=\"spacer.default\">\n\t\t\t\t<div class=\"elementor-widget-container\">\n\t\t\t\t\t\t\t<div class=\"elementor-spacer\">\n\t\t\t<div class=\"elementor-spacer-inner\"><\/div>\n\t\t<\/div>\n\t\t\t\t\t\t<\/div>\n\t\t\t\t<\/div>\n\t\t\t\t\t<\/div>\n\t\t\t\t<\/div>\n\t\t\t\t<\/div>\n\t\t","protected":false},"excerpt":{"rendered":"<p>Von Anfang an richtig f\u00fcttern \u200b\u200b\u200b\u200b\u200b\u200b\u200b\u200b\u200b\u200b\u200b\u200b\u200b\u200bum Allergien zu vermeiden! Die Ern\u00e4hrung ist zweifelsohne einer der wichtigsten Standpunkte der Gesundheit. Deshalb ern\u00e4hre ich meine Hunde und Welpen mit hochwertigem Rohfleischfutter von PRIMAFU. Ich gehe auf die \u201eOrale Toleranz\u201c ein und versuche somit sicher zu stellen, dass meine Welpen keine Futtermittelallergien durch falsche F\u00fctterung (= einfach nur&hellip;&nbsp;<\/p>\n","protected":false},"author":1,"featured_media":0,"parent":0,"menu_order":0,"comment_status":"closed","ping_status":"closed","template":"page-templates\/template-pagebuilder-full-width.php","meta":{"neve_meta_sidebar":"","neve_meta_container":"","neve_meta_enable_content_width":"","neve_meta_content_width":0,"neve_meta_title_alignment":"","neve_meta_author_avatar":"","neve_post_elements_order":"","neve_meta_disable_header":"","neve_meta_disable_footer":"","neve_meta_disable_title":"","footnotes":""},"class_list":["post-35","page","type-page","status-publish","hentry"],"_links":{"self":[{"href":"https:\/\/www.dalmatiner-von-fischingertal.ch\/cms\/wp-json\/wp\/v2\/pages\/35","targetHints":{"allow":["GET"]}}],"collection":[{"href":"https:\/\/www.dalmatiner-von-fischingertal.ch\/cms\/wp-json\/wp\/v2\/pages"}],"about":[{"href":"https:\/\/www.dalmatiner-von-fischingertal.ch\/cms\/wp-json\/wp\/v2\/types\/page"}],"author":[{"embeddable":true,"href":"https:\/\/www.dalmatiner-von-fischingertal.ch\/cms\/wp-json\/wp\/v2\/users\/1"}],"replies":[{"embeddable":true,"href":"https:\/\/www.dalmatiner-von-fischingertal.ch\/cms\/wp-json\/wp\/v2\/comments?post=35"}],"version-history":[{"count":4,"href":"https:\/\/www.dalmatiner-von-fischingertal.ch\/cms\/wp-json\/wp\/v2\/pages\/35\/revisions"}],"predecessor-version":[{"id":39,"href":"https:\/\/www.dalmatiner-von-fischingertal.ch\/cms\/wp-json\/wp\/v2\/pages\/35\/revisions\/39"}],"wp:attachment":[{"href":"https:\/\/www.dalmatiner-von-fischingertal.ch\/cms\/wp-json\/wp\/v2\/media?parent=35"}],"curies":[{"name":"wp","href":"https:\/\/api.w.org\/{rel}","templated":true}]}}