{"id":28,"date":"2024-07-23T08:17:46","date_gmt":"2024-07-23T06:17:46","guid":{"rendered":"https:\/\/www.dalmatiner-von-fischingertal.ch\/cms\/?page_id=28"},"modified":"2024-07-23T08:20:35","modified_gmt":"2024-07-23T06:20:35","slug":"ueber-uns","status":"publish","type":"page","link":"https:\/\/www.dalmatiner-von-fischingertal.ch\/cms\/ueber-uns\/","title":{"rendered":"\u00dcber uns"},"content":{"rendered":"\t\t<div data-elementor-type=\"wp-page\" data-elementor-id=\"28\" class=\"elementor elementor-28\">\n\t\t\t\t<div class=\"elementor-element elementor-element-a4db7e9 e-flex e-con-boxed e-con e-parent\" data-id=\"a4db7e9\" data-element_type=\"container\" data-e-type=\"container\">\n\t\t\t\t\t<div class=\"e-con-inner\">\n\t\t\t\t<div class=\"elementor-element elementor-element-dc87c51 elementor-widget elementor-widget-image\" data-id=\"dc87c51\" data-element_type=\"widget\" data-e-type=\"widget\" data-widget_type=\"image.default\">\n\t\t\t\t<div class=\"elementor-widget-container\">\n\t\t\t\t\t\t\t\t\t\t\t\t\t\t\t<img fetchpriority=\"high\" decoding=\"async\" width=\"960\" height=\"320\" src=\"https:\/\/www.dalmatiner-von-fischingertal.ch\/cms\/wp-content\/uploads\/2024\/07\/8274059-7149843d-5e0c-4ebf-bc1b-903156417de0.jpg\" class=\"attachment-large size-large wp-image-15\" alt=\"\" srcset=\"https:\/\/www.dalmatiner-von-fischingertal.ch\/cms\/wp-content\/uploads\/2024\/07\/8274059-7149843d-5e0c-4ebf-bc1b-903156417de0.jpg 960w, https:\/\/www.dalmatiner-von-fischingertal.ch\/cms\/wp-content\/uploads\/2024\/07\/8274059-7149843d-5e0c-4ebf-bc1b-903156417de0-300x100.jpg 300w, https:\/\/www.dalmatiner-von-fischingertal.ch\/cms\/wp-content\/uploads\/2024\/07\/8274059-7149843d-5e0c-4ebf-bc1b-903156417de0-768x256.jpg 768w\" sizes=\"(max-width: 960px) 100vw, 960px\" \/>\t\t\t\t\t\t\t\t\t\t\t\t\t\t\t<\/div>\n\t\t\t\t<\/div>\n\t\t<div class=\"elementor-element elementor-element-36bb0f0 e-con-full e-flex e-con e-child\" data-id=\"36bb0f0\" data-element_type=\"container\" data-e-type=\"container\">\n\t\t<div class=\"elementor-element elementor-element-caaf032 e-con-full e-flex e-con e-child\" data-id=\"caaf032\" data-element_type=\"container\" data-e-type=\"container\">\n\t\t\t\t<div class=\"elementor-element elementor-element-e297cdc elementor-widget elementor-widget-heading\" data-id=\"e297cdc\" data-element_type=\"widget\" data-e-type=\"widget\" data-widget_type=\"heading.default\">\n\t\t\t\t<div class=\"elementor-widget-container\">\n\t\t\t\t\t<h2 class=\"elementor-heading-title elementor-size-default\">Othmar Stocker<\/h2>\t\t\t\t<\/div>\n\t\t\t\t<\/div>\n\t\t\t\t<div class=\"elementor-element elementor-element-2e42e7a elementor-widget elementor-widget-text-editor\" data-id=\"2e42e7a\" data-element_type=\"widget\" data-e-type=\"widget\" data-widget_type=\"text-editor.default\">\n\t\t\t\t<div class=\"elementor-widget-container\">\n\t\t\t\t\t\t\t\t\t<div>Seit \u00fcber 30 Jahren besitzen wir nun Hunde. Schon als Bub wollte ich Hunde z\u00fcchten, was nat\u00fcrlich nicht ging. Auch im Arbeitsaltag hatte ich zwar Zeit f\u00fcr einen Familienhund, aber nicht f\u00fcr die Zucht. Als sich meine Arbeitssituation im 2014 \u00e4nderte und ich mehrheitlich von zu Hause aus arbeiten konnte, war der Gedanke einer eigenen Zucht wieder gr\u00f6sser geworden. Daher trat ebenfalls im gleichen Jahr unsere Dalmatiner H\u00fcndin Brooklyn in unser Leben. Sie ist bis heute unser Familienstern und wir k\u00f6nnen uns ein Leben ohne sie nicht mehr vorstellen.<\/div><div>\u00a0<\/div><div>Damamals keine Ahnung wie man dies mit der Zucht macht, haben meine Lebenspartnerin Sabine Meichtry und ich uns zuerst in Weiterbildungskursen und mit vielen Gespr\u00e4chen mit anderen Z\u00fcchtern und Zuchtwarten einen theoretischen Hintergrund verschaffen k\u00f6nnen.\u00a0<\/div><div>\u200b\u200b\u200b\u200b\u200b\u200b\u200b<\/div><div>\u00a0<\/div><div>Unsere Liebe zu Hunden im speziellen zu den Dalmis hat uns dann bewogen im 2018 offiziell mit der Zucht anzufangen und im 2019 war es dann soweit, wir hatten den ersten Wurf. Mann, waren wir nerv\u00f6s! Bis dann der erste Welpe da war gab es vorab schon ein paar unruhige N\u00e4chte. Die erste Woche nach der Geburt schliefen wir abwechslungsweise neben der Wurfkiste. Wie alles im Leben wird es beim zweiten Mal schon einfacher, aber jeder Wurf ist immer wieder ein Erlebnis f\u00fcr sich.<\/div>\t\t\t\t\t\t\t\t<\/div>\n\t\t\t\t<\/div>\n\t\t\t\t<\/div>\n\t\t<div class=\"elementor-element elementor-element-fd131af e-con-full e-flex e-con e-child\" data-id=\"fd131af\" data-element_type=\"container\" data-e-type=\"container\">\n\t\t\t\t<div class=\"elementor-element elementor-element-4567474 elementor-widget elementor-widget-heading\" data-id=\"4567474\" data-element_type=\"widget\" data-e-type=\"widget\" data-widget_type=\"heading.default\">\n\t\t\t\t<div class=\"elementor-widget-container\">\n\t\t\t\t\t<h2 class=\"elementor-heading-title elementor-size-default\">Sabine Meichtry<\/h2>\t\t\t\t<\/div>\n\t\t\t\t<\/div>\n\t\t\t\t<div class=\"elementor-element elementor-element-383ea06 elementor-widget elementor-widget-text-editor\" data-id=\"383ea06\" data-element_type=\"widget\" data-e-type=\"widget\" data-widget_type=\"text-editor.default\">\n\t\t\t\t<div class=\"elementor-widget-container\">\n\t\t\t\t\t\t\t\t\t<div><div>Unsere W\u00fcrfe werden im Wohnbereich gehalten, welcher durch Gitter abgetrennt ist mit\u00a0der\u00a0M\u00f6glichkeit f\u00fcr die Welpen nach draussen zugehen. Die Kleinen haben dadurch immer regen Kontakt zu uns. Sie sehen und h\u00f6ren alles. Unsere Welpen werden rund um die Uhr liebevoll betreut. Es ist immer jemand anwesend.\u00a0<\/div><div>Wir sind bestrebt durch eine bestm\u00f6gliche Verpaarung und eine gute Kinderstube den Welpen und den Welpenbesitzern einen optimalen Start ins Leben zu geben.<\/div><div>\u00a0<\/div><div>Wir\u00a0sind wohnhaft\u00a0im sch\u00f6nen\u00a0Ort Sisseln,\u00a0welcher\u00a0im Kanton Aargau im Fricktal zwischen Rheinfelden und Laufenburg, verkehrsg\u00fcnstig liegt.<\/div><div>\u00a0<\/div><div>Mit der Bahn oder dem Auto sind es nur 30 Minuten nach Basel oder 35 Minuten nach Z\u00fcrich.<\/div><div>Wohnhaft in einer kleinen Gemeinde und einer wunderbaren Gegend mit Anschluss an den Fricktaler H\u00f6henweg.\u00a0<\/div><div>\u00a0<\/div><div>Die herrliche Umgebung und unz\u00e4hligen Ausflugsorte in Nah und Fern laden immer wieder aufs Neue zu ausgedehnten Spazierg\u00e4ngen mit den Vierbeinern ein.<\/div><\/div>\t\t\t\t\t\t\t\t<\/div>\n\t\t\t\t<\/div>\n\t\t\t\t<\/div>\n\t\t\t\t<\/div>\n\t\t\t\t<div class=\"elementor-element elementor-element-3458a74 elementor-widget elementor-widget-image\" data-id=\"3458a74\" data-element_type=\"widget\" data-e-type=\"widget\" data-widget_type=\"image.default\">\n\t\t\t\t<div class=\"elementor-widget-container\">\n\t\t\t\t\t\t\t\t\t\t\t\t\t\t\t<img decoding=\"async\" width=\"640\" height=\"853\" src=\"https:\/\/www.dalmatiner-von-fischingertal.ch\/cms\/wp-content\/uploads\/2024\/07\/9780848-872f2c7c-31df-4e0f-b48a-23dc6f398147-8f14e.w640.jpg\" class=\"attachment-large size-large wp-image-30\" alt=\"\" srcset=\"https:\/\/www.dalmatiner-von-fischingertal.ch\/cms\/wp-content\/uploads\/2024\/07\/9780848-872f2c7c-31df-4e0f-b48a-23dc6f398147-8f14e.w640.jpg 640w, https:\/\/www.dalmatiner-von-fischingertal.ch\/cms\/wp-content\/uploads\/2024\/07\/9780848-872f2c7c-31df-4e0f-b48a-23dc6f398147-8f14e.w640-225x300.jpg 225w\" sizes=\"(max-width: 640px) 100vw, 640px\" \/>\t\t\t\t\t\t\t\t\t\t\t\t\t\t\t<\/div>\n\t\t\t\t<\/div>\n\t\t\t\t<div class=\"elementor-element elementor-element-916d863 elementor-widget elementor-widget-heading\" data-id=\"916d863\" data-element_type=\"widget\" data-e-type=\"widget\" data-widget_type=\"heading.default\">\n\t\t\t\t<div class=\"elementor-widget-container\">\n\t\t\t\t\t<h2 class=\"elementor-heading-title elementor-size-default\">Die Hand eines Z\u00fcchters ... \ud83d\udda4<\/h2>\t\t\t\t<\/div>\n\t\t\t\t<\/div>\n\t\t\t\t<div class=\"elementor-element elementor-element-05087a2 elementor-widget elementor-widget-text-editor\" data-id=\"05087a2\" data-element_type=\"widget\" data-e-type=\"widget\" data-widget_type=\"text-editor.default\">\n\t\t\t\t<div class=\"elementor-widget-container\">\n\t\t\t\t\t\t\t\t\t<p>Die Hand eines Z\u00fcchters ist die Hand, die die H\u00fcndin bei der Geburt beruhigt. Es ist die Hand, die ihren Bauch streichelt, um sie bei Wehen zu beruhigen.<br \/><br \/>Die Hand eines Z\u00fcchters ist die Hand, die den Weg frei macht, damit die Welpen leichter geboren werden k\u00f6nnen. Es ist die Hand, die nicht zittert, auch wenn sie voller Blut ist, um einem Welpen in Schwierigkeiten zu helfen.<br \/><br \/>Die Hand eines Z\u00fcchters ist die Hand, die die Fruchth\u00fclle \u00f6ffnet und die Nabelschnur trennt, wenn die Mama das nicht schnell genug macht. Es ist die Hand, die den Welpen trocken rubbelt und dem Welpen zum ersten Atemzug verhilft.<br \/><br \/>Die Hand eines Z\u00fcchters ist auch die, die einen Welpen liebevoll streichelt und die Tr\u00e4nen weg wischt, wenn es der Welpe trotz aller Bem\u00fchungen nicht ins Leben geschafft hat. <br \/><br \/>Die Hand eines Z\u00fcchters ist diejenige, die Mama und Welpen mehrmals t\u00e4glich sauber macht und kontrolliert, ob es allen gut geht. Die die Welpen t\u00e4glich wiegt, die Mama mit gutem Fressen versorgt und nebenbei irgendwie auch noch den eigenen Haushalt erledigt und sich ums Rudel k\u00fcmmert.<br \/><br \/>Die Hand eines Z\u00fcchters muss oftmals m\u00fcde Augen reiben und die Sorgenfalten auf der Stirn gl\u00e4tten, weil die Mama erst nach mehreren Tagen genug Milch hat und er sich bis dahin um das Leben seiner Welpen sorgen muss.\u00a0 Es ist die Hand, die bei Problemen aller 2 Stunden Milchfl\u00e4schchen bereitet, die Welpen f\u00fcttert und die B\u00e4uchlein reibt, damit die Verdauung in Gang kommt.\u00a0\u00a0<\/p><p>Die Hand eines Z\u00fcchters ist diejenige, die 3 Wochen lang auch nachts kaum Ruhe findet, nur f\u00fcr Mama und Welpen da ist und jedes zugenommene Gramm zufrieden in die Gewichtstabelle eintr\u00e4gt.<\/p><p>Die Hand eines Z\u00fcchters ist die, die die erste feste Nahrung bereitet, die Welpen 5 weitere Wochen regelm\u00e4\u00dfig f\u00fcttert, das Lager sauber h\u00e4lt, mit den Welpen spielt, ihnen das kleine 1&#215;1 des Lebens beibringt, die Welpen langsam von der Mutter entw\u00f6hnt, die ersten Kontakte zu den Welpeninteressenten kn\u00fcpft und oft ruhelos ist, weil Entscheidungen getroffen werden m\u00fcssen, die das weitere Leben der Welpen mitbestimmen.<\/p><p>Die Hand eines Z\u00fcchters ist die, die im Vorfeld viele Fragen der neuen Hundeeltern beantwortet, ihnen Bildern und Videos schickt, den Abschied vorbereitet und alles im Vorfeld daf\u00fcr tut, dass dieser problemlos von statten geht.<\/p><p>Die Hand eines Z\u00fcchters ist die, die dem Welpen sein erstes eigenes Halsband umlegt und die beim Abschied die Tr\u00e4ne des Z\u00fcchters weg wischt.<\/p><p>Die Hand des Z\u00fcchters ist auch die, die regelm\u00e4\u00dfig zum Telefon greift oder die Mails schreibt oder beantwortet und sich nach dem Wohl aller verkauften Hunde erkundigt bzw. viele Fragen beantwortet und bei der L\u00f6sung von Problemen hilft. Es ist auch die, die das viele Geld aus dem Verkauf in die Hundesparb\u00fcchse steckt, mit dem Wissen, dass oftmals kaum der Aufwand gedeckt ist und bald neue Ausgaben anstehen, um die Zucht weiter zu f\u00fchren, denn ein liebe- und verantwortungsvoller Z\u00fcchter wird nicht reich durch die Zucht.\u00a0<\/p><p>Die Hand eines Z\u00fcchtesr ist auch die, die seine Augen zuh\u00e4lt, damit man die Tr\u00e4nen nicht sieht, die er vergie\u00dft, wenn er angefeindet wird und f\u00fcr gesundheitliche oder andere Probleme verantwortlich gemacht wird, die er nicht zu verantworten hat.<\/p><p>Die Hand eines Z\u00fcchters ist aber auch die, die das Herz des Z\u00fcchters gl\u00fccklich schlagen sp\u00fcrt, wenn es seinen Hunden und Welpen gut geht und er zufriedene Welpeneltern sieht.<\/p><p>Denkt bitte an all das, wenn ihr das n\u00e4chste Mal die Hand eures Z\u00fcchters sch\u00fcttelt und denkt bitte daran, dass ein guter Z\u00fcchter seine gez\u00fcchteten Hunde bis zu deren Lebensende begleitet, sich immer um sie sorgt und dass es f\u00fcr ihn nichts Sch\u00f6neres gibt, als am Leben dieser Hunde teilhaben zu d\u00fcrfen und sich zu freuen, wenn es ihnen gut geht.<\/p><p>\u200b\u200b\u200b\u200b\u200b\u200b\u200bWir sind Z\u00fcchter dieser Art.<\/p>\t\t\t\t\t\t\t\t<\/div>\n\t\t\t\t<\/div>\n\t\t\t\t<div class=\"elementor-element elementor-element-9e6ac10 elementor-widget elementor-widget-spacer\" data-id=\"9e6ac10\" data-element_type=\"widget\" data-e-type=\"widget\" data-widget_type=\"spacer.default\">\n\t\t\t\t<div class=\"elementor-widget-container\">\n\t\t\t\t\t\t\t<div class=\"elementor-spacer\">\n\t\t\t<div class=\"elementor-spacer-inner\"><\/div>\n\t\t<\/div>\n\t\t\t\t\t\t<\/div>\n\t\t\t\t<\/div>\n\t\t\t\t\t<\/div>\n\t\t\t\t<\/div>\n\t\t\t\t<\/div>\n\t\t","protected":false},"excerpt":{"rendered":"<p>Othmar Stocker Seit \u00fcber 30 Jahren besitzen wir nun Hunde. Schon als Bub wollte ich Hunde z\u00fcchten, was nat\u00fcrlich nicht ging. Auch im Arbeitsaltag hatte ich zwar Zeit f\u00fcr einen Familienhund, aber nicht f\u00fcr die Zucht. Als sich meine Arbeitssituation im 2014 \u00e4nderte und ich mehrheitlich von zu Hause aus arbeiten konnte, war der Gedanke&hellip;&nbsp;<\/p>\n","protected":false},"author":1,"featured_media":0,"parent":0,"menu_order":0,"comment_status":"closed","ping_status":"closed","template":"page-templates\/template-pagebuilder-full-width.php","meta":{"neve_meta_sidebar":"","neve_meta_container":"","neve_meta_enable_content_width":"","neve_meta_content_width":0,"neve_meta_title_alignment":"","neve_meta_author_avatar":"","neve_post_elements_order":"","neve_meta_disable_header":"","neve_meta_disable_footer":"","neve_meta_disable_title":"","footnotes":""},"class_list":["post-28","page","type-page","status-publish","hentry"],"_links":{"self":[{"href":"https:\/\/www.dalmatiner-von-fischingertal.ch\/cms\/wp-json\/wp\/v2\/pages\/28","targetHints":{"allow":["GET"]}}],"collection":[{"href":"https:\/\/www.dalmatiner-von-fischingertal.ch\/cms\/wp-json\/wp\/v2\/pages"}],"about":[{"href":"https:\/\/www.dalmatiner-von-fischingertal.ch\/cms\/wp-json\/wp\/v2\/types\/page"}],"author":[{"embeddable":true,"href":"https:\/\/www.dalmatiner-von-fischingertal.ch\/cms\/wp-json\/wp\/v2\/users\/1"}],"replies":[{"embeddable":true,"href":"https:\/\/www.dalmatiner-von-fischingertal.ch\/cms\/wp-json\/wp\/v2\/comments?post=28"}],"version-history":[{"count":4,"href":"https:\/\/www.dalmatiner-von-fischingertal.ch\/cms\/wp-json\/wp\/v2\/pages\/28\/revisions"}],"predecessor-version":[{"id":34,"href":"https:\/\/www.dalmatiner-von-fischingertal.ch\/cms\/wp-json\/wp\/v2\/pages\/28\/revisions\/34"}],"wp:attachment":[{"href":"https:\/\/www.dalmatiner-von-fischingertal.ch\/cms\/wp-json\/wp\/v2\/media?parent=28"}],"curies":[{"name":"wp","href":"https:\/\/api.w.org\/{rel}","templated":true}]}}