{"id":1374,"date":"2024-07-25T13:16:39","date_gmt":"2024-07-25T11:16:39","guid":{"rendered":"https:\/\/www.dalmatiner-von-fischingertal.ch\/cms\/?page_id=1374"},"modified":"2025-02-10T11:43:45","modified_gmt":"2025-02-10T10:43:45","slug":"e-wurf","status":"publish","type":"page","link":"https:\/\/www.dalmatiner-von-fischingertal.ch\/cms\/e-wurf\/","title":{"rendered":"E-Wurf"},"content":{"rendered":"\t\t<div data-elementor-type=\"wp-page\" data-elementor-id=\"1374\" class=\"elementor elementor-1374\">\n\t\t\t\t<div class=\"elementor-element elementor-element-7dd9511 e-flex e-con-boxed e-con e-parent\" data-id=\"7dd9511\" data-element_type=\"container\" data-e-type=\"container\">\n\t\t\t\t\t<div class=\"e-con-inner\">\n\t\t\t\t<div class=\"elementor-element elementor-element-b4bdcd1 elementor-widget elementor-widget-image\" data-id=\"b4bdcd1\" data-element_type=\"widget\" data-e-type=\"widget\" data-widget_type=\"image.default\">\n\t\t\t\t<div class=\"elementor-widget-container\">\n\t\t\t\t\t\t\t\t\t\t\t\t\t\t\t<img fetchpriority=\"high\" decoding=\"async\" width=\"960\" height=\"320\" src=\"https:\/\/www.dalmatiner-von-fischingertal.ch\/cms\/wp-content\/uploads\/2024\/07\/8274059-7149843d-5e0c-4ebf-bc1b-903156417de0.jpg\" class=\"attachment-large size-large wp-image-15\" alt=\"\" srcset=\"https:\/\/www.dalmatiner-von-fischingertal.ch\/cms\/wp-content\/uploads\/2024\/07\/8274059-7149843d-5e0c-4ebf-bc1b-903156417de0.jpg 960w, https:\/\/www.dalmatiner-von-fischingertal.ch\/cms\/wp-content\/uploads\/2024\/07\/8274059-7149843d-5e0c-4ebf-bc1b-903156417de0-300x100.jpg 300w, https:\/\/www.dalmatiner-von-fischingertal.ch\/cms\/wp-content\/uploads\/2024\/07\/8274059-7149843d-5e0c-4ebf-bc1b-903156417de0-768x256.jpg 768w\" sizes=\"(max-width: 960px) 100vw, 960px\" \/>\t\t\t\t\t\t\t\t\t\t\t\t\t\t\t<\/div>\n\t\t\t\t<\/div>\n\t\t\t\t<div class=\"elementor-element elementor-element-0e8e3f1 elementor-widget elementor-widget-spacer\" data-id=\"0e8e3f1\" data-element_type=\"widget\" data-e-type=\"widget\" data-widget_type=\"spacer.default\">\n\t\t\t\t<div class=\"elementor-widget-container\">\n\t\t\t\t\t\t\t<div class=\"elementor-spacer\">\n\t\t\t<div class=\"elementor-spacer-inner\"><\/div>\n\t\t<\/div>\n\t\t\t\t\t\t<\/div>\n\t\t\t\t<\/div>\n\t\t\t\t<div class=\"elementor-element elementor-element-b367389 elementor-widget elementor-widget-heading\" data-id=\"b367389\" data-element_type=\"widget\" data-e-type=\"widget\" data-widget_type=\"heading.default\">\n\t\t\t\t<div class=\"elementor-widget-container\">\n\t\t\t\t\t<h2 class=\"elementor-heading-title elementor-size-default\">\t\nFolgende Punkte geh\u00f6ren\nstandardm\u00e4ssig\nzu unserer Zucht:<\/h2>\t\t\t\t<\/div>\n\t\t\t\t<\/div>\n\t\t\t\t<div class=\"elementor-element elementor-element-1048e59 elementor-widget elementor-widget-heading\" data-id=\"1048e59\" data-element_type=\"widget\" data-e-type=\"widget\" data-widget_type=\"heading.default\">\n\t\t\t\t<div class=\"elementor-widget-container\">\n\t\t\t\t\t<h3 class=\"elementor-heading-title elementor-size-default\">Die Welpen werden ab dem ersten Tag an jeden Tag gewogen\ndamit wir wissen, ob sie auch regelm\u00e4ssig zunehmen.<\/h3>\t\t\t\t<\/div>\n\t\t\t\t<\/div>\n\t\t\t\t<div class=\"elementor-element elementor-element-ec70b04 elementor-widget elementor-widget-text-editor\" data-id=\"ec70b04\" data-element_type=\"widget\" data-e-type=\"widget\" data-widget_type=\"text-editor.default\">\n\t\t\t\t<div class=\"elementor-widget-container\">\n\t\t\t\t\t\t\t\t\t<p><b>Das sollte der Welpe kennen, wenn er die Zuchtst\u00e4tte verl\u00e4sst.<\/b><br \/>Gras<br \/>Kies<br \/>Beton<br \/>Sand\u200b\u200b\u200b\u200b\u200b\u200b\u200b<br \/>Teppich<br \/>Gitterrost<br \/>Plastikblachen und raschelnde Bodenbel\u00e4ge<br \/>Menschen aller Art mit H\u00fcten, M\u00e4ntel, Schirmen<br \/>Kinder unterschiedlichem Alter mit verschiedenen Stimmen<br \/>von fremdem Personen angefasst und gestreichelt werden<br \/>Ger\u00e4usche ab CD<br \/>Haushaltger\u00e4te wie Kaffeemaschine, Abwaschmaschine, Staubsauger<br \/>Pfannenl\u00e4rm<br \/>Radio<br \/>Bodenunebenheiten und Spielsachen<br \/>Wind und Wetter<br \/>Bewegungen und Ger\u00e4usche von Kinderwagen, Kickboards, Velo, Mofas<br \/>Strassenl\u00e4rm<br \/>andere Hunde<br \/>Umgebung ausserhalb der Zuchtst\u00e4tte mit Wasser, Wald, Wiese, B\u00e4ume<br \/>Halsband und Leine<br \/>Futter geben in eigenem Geschirr damit kein Futterneid entsteht<br \/>Pf\u00f6tli, Maul und Genitalien reinigen<br \/>Auto Fahren<br \/>Aufenthalt in der Transport- &#171;H\u00f6hle&#187; (Box)<br \/>Auf einen Tisch heben<br \/>\u00c4ussere Ohrmuschel s\u00e4ubern<br \/>Augenuntersuchung im Licht<br \/>Zahnkontrolle\/Maulkotrolle<br \/>Beine untersuchen<br \/>Puls messen<br \/>Rute untersuchen<br \/>Bauch abtasten<br \/>Baden<br \/>Pfoten s\u00e4ubern<br \/>Maul s\u00e4ubern<br \/>Krallen schneiden<br \/>Hautkontrolle<\/p>\t\t\t\t\t\t\t\t<\/div>\n\t\t\t\t<\/div>\n\t\t\t\t<div class=\"elementor-element elementor-element-36294b7 elementor-widget elementor-widget-text-editor\" data-id=\"36294b7\" data-element_type=\"widget\" data-e-type=\"widget\" data-widget_type=\"text-editor.default\">\n\t\t\t\t<div class=\"elementor-widget-container\">\n\t\t\t\t\t\t\t\t\t<p><strong>Bei der \u00dcbergabe des Welpen bekommt man folgendes mit:<\/strong><\/p><p style=\"padding-left: 40px;\">\u00a0 1. Vertrag<br \/>\u00a0 2. Impfausweis<br \/>\u00a0 3. Halsband und Leine<br \/>\u00a0 4. T\u00fcchlein mit Geschmack von den Welpen<br \/>\u00a0 5. erste Ration Futter &#8211; PRIMAFU<br \/>\u00a0 6.\u00a0Ahnentafel \/ Stammbuch mit Audiometrietest<br \/>\u00a0 7.\u00a0Chip-Nr. und Gesundheitsattest<br \/>\u00a0 8.\u00a0Hundehalterfibel mit Futterplan<\/p>\t\t\t\t\t\t\t\t<\/div>\n\t\t\t\t<\/div>\n\t\t\t\t<div class=\"elementor-element elementor-element-a1ccb09 elementor-widget elementor-widget-spacer\" data-id=\"a1ccb09\" data-element_type=\"widget\" data-e-type=\"widget\" data-widget_type=\"spacer.default\">\n\t\t\t\t<div class=\"elementor-widget-container\">\n\t\t\t\t\t\t\t<div class=\"elementor-spacer\">\n\t\t\t<div class=\"elementor-spacer-inner\"><\/div>\n\t\t<\/div>\n\t\t\t\t\t\t<\/div>\n\t\t\t\t<\/div>\n\t\t\t\t\t<\/div>\n\t\t\t\t<\/div>\n\t\t\t\t<\/div>\n\t\t","protected":false},"excerpt":{"rendered":"<p>Folgende Punkte geh\u00f6ren standardm\u00e4ssig zu unserer Zucht: Die Welpen werden ab dem ersten Tag an jeden Tag gewogen damit wir wissen, ob sie auch regelm\u00e4ssig zunehmen. Das sollte der Welpe kennen, wenn er die Zuchtst\u00e4tte verl\u00e4sst.GrasKiesBetonSand\u200b\u200b\u200b\u200b\u200b\u200b\u200bTeppichGitterrostPlastikblachen und raschelnde Bodenbel\u00e4geMenschen aller Art mit H\u00fcten, M\u00e4ntel, SchirmenKinder unterschiedlichem Alter mit verschiedenen Stimmenvon fremdem Personen angefasst und gestreichelt&hellip;&nbsp;<\/p>\n","protected":false},"author":1,"featured_media":0,"parent":0,"menu_order":0,"comment_status":"closed","ping_status":"closed","template":"page-templates\/template-pagebuilder-full-width.php","meta":{"neve_meta_sidebar":"","neve_meta_container":"","neve_meta_enable_content_width":"","neve_meta_content_width":0,"neve_meta_title_alignment":"","neve_meta_author_avatar":"","neve_post_elements_order":"","neve_meta_disable_header":"","neve_meta_disable_footer":"","neve_meta_disable_title":"","footnotes":""},"class_list":["post-1374","page","type-page","status-publish","hentry"],"_links":{"self":[{"href":"https:\/\/www.dalmatiner-von-fischingertal.ch\/cms\/wp-json\/wp\/v2\/pages\/1374","targetHints":{"allow":["GET"]}}],"collection":[{"href":"https:\/\/www.dalmatiner-von-fischingertal.ch\/cms\/wp-json\/wp\/v2\/pages"}],"about":[{"href":"https:\/\/www.dalmatiner-von-fischingertal.ch\/cms\/wp-json\/wp\/v2\/types\/page"}],"author":[{"embeddable":true,"href":"https:\/\/www.dalmatiner-von-fischingertal.ch\/cms\/wp-json\/wp\/v2\/users\/1"}],"replies":[{"embeddable":true,"href":"https:\/\/www.dalmatiner-von-fischingertal.ch\/cms\/wp-json\/wp\/v2\/comments?post=1374"}],"version-history":[{"count":4,"href":"https:\/\/www.dalmatiner-von-fischingertal.ch\/cms\/wp-json\/wp\/v2\/pages\/1374\/revisions"}],"predecessor-version":[{"id":1382,"href":"https:\/\/www.dalmatiner-von-fischingertal.ch\/cms\/wp-json\/wp\/v2\/pages\/1374\/revisions\/1382"}],"wp:attachment":[{"href":"https:\/\/www.dalmatiner-von-fischingertal.ch\/cms\/wp-json\/wp\/v2\/media?parent=1374"}],"curies":[{"name":"wp","href":"https:\/\/api.w.org\/{rel}","templated":true}]}}